{"id":4793,"date":"2024-12-11T16:41:23","date_gmt":"2024-12-11T16:41:23","guid":{"rendered":"https:\/\/yellowtelecoms.com\/?post_type=product&#038;p=4793"},"modified":"2024-12-11T16:44:56","modified_gmt":"2024-12-11T16:44:56","slug":"ceiling-mount-speakers-model-knl9-8ohm-6w-copia","status":"publish","type":"product","link":"https:\/\/yellowtelecoms.com\/es_es\/product\/ceiling-mount-speakers-model-knl9-8ohm-6w-copia\/","title":{"rendered":"Altavoces de montaje en techo modelo KNL9 (8 ohmios, 15 W)"},"content":{"rendered":"","protected":false},"excerpt":{"rendered":"<p>M&amp;Acabado: Aluminio\/Pintura en polvo blanca<br \/>\nTama\u00f1o: 240x120mm<br \/>\nClasificaci\u00f3n impermeable: IP55<\/p>\n<p>Aplicaci\u00f3n: Escuela, f\u00e1brica, tienda.<\/p>\n<p>Caracter\u00edsticas:<\/p>\n<ul>\n<li>Rango de frecuencia: 80-18 KHz (-10 dB) SPL (1 W\/M): 105 \u00b1 3 dB SPL nominal: 125 \u00b1 3 dB<\/li>\n<li>Impedancia: 8 ohmios<\/li>\n<li>Potencia de entrada: 15 W<\/li>\n<li>Montaje: Montaje en el techo<\/li>\n<li>Puerto de audio: Entrada de audio con terminal de 2 pines<\/li>\n<li>Acabado: Aluminio\/Pintura en polvo blanca<\/li>\n<li>Nivel de IP: IP55<\/li>\n<\/ul>","protected":false},"featured_media":4792,"template":"","meta":[],"product_cat":[65],"product_tag":[],"class_list":{"0":"post-4793","1":"product","2":"type-product","3":"status-publish","4":"has-post-thumbnail","6":"product_cat-explosion-proof-horn-speakers-paga-series","8":"first","9":"instock","10":"shipping-taxable","11":"product-type-simple"},"yoast_head":"<!-- This site is optimized with the Yoast SEO plugin v22.8 - https:\/\/yoast.com\/wordpress\/plugins\/seo\/ -->\n<title>Ceiling Mount Speakers Model KNL9 (8Ohm 15w) - Yellow Telecoms<\/title>\n<meta name=\"description\" content=\"Ceiling Mount Speakers KNL9 (8 Ohm, 15W). With a frequency range of 80-18KHz and a sound pressure level of 105 dB, it is ideal for indoor audio applications. Easy installation and high durability with IP55 rating\" \/>\n<meta name=\"robots\" content=\"index, follow, max-snippet:-1, max-image-preview:large, max-video-preview:-1\" \/>\n<link rel=\"canonical\" href=\"https:\/\/yellowtelecoms.com\/es_es\/producto\/ceiling-mount-speakers-model-knl9-8ohm-6w-copia\/\" \/>\n<meta property=\"og:locale\" content=\"es_ES\" \/>\n<meta property=\"og:type\" content=\"article\" \/>\n<meta property=\"og:title\" content=\"Ceiling Mount Speakers Model KNL9 (8Ohm 15w) - Yellow Telecoms\" \/>\n<meta property=\"og:description\" content=\"Ceiling Mount Speakers KNL9 (8 Ohm, 15W). With a frequency range of 80-18KHz and a sound pressure level of 105 dB, it is ideal for indoor audio applications. Easy installation and high durability with IP55 rating\" \/>\n<meta property=\"og:url\" content=\"https:\/\/yellowtelecoms.com\/es_es\/producto\/ceiling-mount-speakers-model-knl9-8ohm-6w-copia\/\" \/>\n<meta property=\"og:site_name\" content=\"Yellow Telecoms\" \/>\n<meta property=\"article:modified_time\" content=\"2024-12-11T16:44:56+00:00\" \/>\n<meta property=\"og:image\" content=\"https:\/\/yellowtelecoms.com\/wp-content\/uploads\/2024\/12\/KNL9.jpg\" \/>\n\t<meta property=\"og:image:width\" content=\"800\" \/>\n\t<meta property=\"og:image:height\" content=\"800\" \/>\n\t<meta property=\"og:image:type\" content=\"image\/jpeg\" \/>\n<meta name=\"twitter:card\" content=\"summary_large_image\" \/>\n<meta name=\"twitter:label1\" content=\"Tiempo de lectura\" \/>\n\t<meta name=\"twitter:data1\" content=\"1 minuto\" \/>\n<script type=\"application\/ld+json\" class=\"yoast-schema-graph\">{\"@context\":\"https:\/\/schema.org\",\"@graph\":[{\"@type\":\"WebPage\",\"@id\":\"https:\/\/yellowtelecoms.com\/product\/ceiling-mount-speakers-model-knl9-8ohm-6w-copia\/\",\"url\":\"https:\/\/yellowtelecoms.com\/product\/ceiling-mount-speakers-model-knl9-8ohm-6w-copia\/\",\"name\":\"Ceiling Mount Speakers Model KNL9 (8Ohm 15w) - Yellow Telecoms\",\"isPartOf\":{\"@id\":\"https:\/\/yellowtelecoms.com\/#website\"},\"primaryImageOfPage\":{\"@id\":\"https:\/\/yellowtelecoms.com\/product\/ceiling-mount-speakers-model-knl9-8ohm-6w-copia\/#primaryimage\"},\"image\":{\"@id\":\"https:\/\/yellowtelecoms.com\/product\/ceiling-mount-speakers-model-knl9-8ohm-6w-copia\/#primaryimage\"},\"thumbnailUrl\":\"https:\/\/yellowtelecoms.com\/wp-content\/uploads\/2024\/12\/KNL9.jpg\",\"datePublished\":\"2024-12-11T16:41:23+00:00\",\"dateModified\":\"2024-12-11T16:44:56+00:00\",\"description\":\"Ceiling Mount Speakers KNL9 (8 Ohm, 15W). With a frequency range of 80-18KHz and a sound pressure level of 105 dB, it is ideal for indoor audio applications. Easy installation and high durability with IP55 rating\",\"breadcrumb\":{\"@id\":\"https:\/\/yellowtelecoms.com\/product\/ceiling-mount-speakers-model-knl9-8ohm-6w-copia\/#breadcrumb\"},\"inLanguage\":\"es\",\"potentialAction\":[{\"@type\":\"ReadAction\",\"target\":[\"https:\/\/yellowtelecoms.com\/product\/ceiling-mount-speakers-model-knl9-8ohm-6w-copia\/\"]}]},{\"@type\":\"ImageObject\",\"inLanguage\":\"es\",\"@id\":\"https:\/\/yellowtelecoms.com\/product\/ceiling-mount-speakers-model-knl9-8ohm-6w-copia\/#primaryimage\",\"url\":\"https:\/\/yellowtelecoms.com\/wp-content\/uploads\/2024\/12\/KNL9.jpg\",\"contentUrl\":\"https:\/\/yellowtelecoms.com\/wp-content\/uploads\/2024\/12\/KNL9.jpg\",\"width\":800,\"height\":800},{\"@type\":\"BreadcrumbList\",\"@id\":\"https:\/\/yellowtelecoms.com\/product\/ceiling-mount-speakers-model-knl9-8ohm-6w-copia\/#breadcrumb\",\"itemListElement\":[{\"@type\":\"ListItem\",\"position\":1,\"name\":\"Home\",\"item\":\"https:\/\/yellowtelecoms.com\/\"},{\"@type\":\"ListItem\",\"position\":2,\"name\":\"Products\",\"item\":\"https:\/\/yellowtelecoms.com\/shop__trashed\/\"},{\"@type\":\"ListItem\",\"position\":3,\"name\":\"Ceiling Mount Speakers Model KNL9 (8Ohm 15w)\"}]},{\"@type\":\"WebSite\",\"@id\":\"https:\/\/yellowtelecoms.com\/#website\",\"url\":\"https:\/\/yellowtelecoms.com\/\",\"name\":\"Yellow Telecoms\",\"description\":\"\",\"publisher\":{\"@id\":\"https:\/\/yellowtelecoms.com\/#organization\"},\"potentialAction\":[{\"@type\":\"SearchAction\",\"target\":{\"@type\":\"EntryPoint\",\"urlTemplate\":\"https:\/\/yellowtelecoms.com\/?s={search_term_string}\"},\"query-input\":\"required name=search_term_string\"}],\"inLanguage\":\"es\"},{\"@type\":\"Organization\",\"@id\":\"https:\/\/yellowtelecoms.com\/#organization\",\"name\":\"Yellow Telecoms\",\"url\":\"https:\/\/yellowtelecoms.com\/\",\"logo\":{\"@type\":\"ImageObject\",\"inLanguage\":\"es\",\"@id\":\"https:\/\/yellowtelecoms.com\/#\/schema\/logo\/image\/\",\"url\":\"https:\/\/yellowtelecoms.com\/wp-content\/uploads\/2024\/03\/YTrailway.jpg\",\"contentUrl\":\"https:\/\/yellowtelecoms.com\/wp-content\/uploads\/2024\/03\/YTrailway.jpg\",\"width\":550,\"height\":435,\"caption\":\"Yellow Telecoms\"},\"image\":{\"@id\":\"https:\/\/yellowtelecoms.com\/#\/schema\/logo\/image\/\"}}]}<\/script>\n<!-- \/ Yoast SEO plugin. -->","yoast_head_json":{"title":"Altavoces de techo modelo KNL9 (8 ohmios, 15 W) - Yellow Telecoms","description":"Altavoces de techo KNL9 (8 ohmios, 15 W). Con un rango de frecuencia de 80-18 kHz y un nivel de presi\u00f3n sonora de 105 dB, son ideales para aplicaciones de audio en interiores. F\u00e1cil instalaci\u00f3n y alta durabilidad con clasificaci\u00f3n IP55.","robots":{"index":"index","follow":"follow","max-snippet":"max-snippet:-1","max-image-preview":"max-image-preview:large","max-video-preview":"max-video-preview:-1"},"canonical":"https:\/\/yellowtelecoms.com\/es_es\/producto\/ceiling-mount-speakers-model-knl9-8ohm-6w-copia\/","og_locale":"es_ES","og_type":"article","og_title":"Ceiling Mount Speakers Model KNL9 (8Ohm 15w) - Yellow Telecoms","og_description":"Ceiling Mount Speakers KNL9 (8 Ohm, 15W). With a frequency range of 80-18KHz and a sound pressure level of 105 dB, it is ideal for indoor audio applications. Easy installation and high durability with IP55 rating","og_url":"https:\/\/yellowtelecoms.com\/es_es\/producto\/ceiling-mount-speakers-model-knl9-8ohm-6w-copia\/","og_site_name":"Yellow Telecoms","article_modified_time":"2024-12-11T16:44:56+00:00","og_image":[{"width":800,"height":800,"url":"https:\/\/yellowtelecoms.com\/wp-content\/uploads\/2024\/12\/KNL9.jpg","type":"image\/jpeg"}],"twitter_card":"summary_large_image","twitter_misc":{"Tiempo de lectura":"1 minuto"},"schema":{"@context":"https:\/\/schema.org","@graph":[{"@type":"WebPage","@id":"https:\/\/yellowtelecoms.com\/product\/ceiling-mount-speakers-model-knl9-8ohm-6w-copia\/","url":"https:\/\/yellowtelecoms.com\/product\/ceiling-mount-speakers-model-knl9-8ohm-6w-copia\/","name":"Altavoces de techo modelo KNL9 (8 ohmios, 15 W) - Yellow Telecoms","isPartOf":{"@id":"https:\/\/yellowtelecoms.com\/#website"},"primaryImageOfPage":{"@id":"https:\/\/yellowtelecoms.com\/product\/ceiling-mount-speakers-model-knl9-8ohm-6w-copia\/#primaryimage"},"image":{"@id":"https:\/\/yellowtelecoms.com\/product\/ceiling-mount-speakers-model-knl9-8ohm-6w-copia\/#primaryimage"},"thumbnailUrl":"https:\/\/yellowtelecoms.com\/wp-content\/uploads\/2024\/12\/KNL9.jpg","datePublished":"2024-12-11T16:41:23+00:00","dateModified":"2024-12-11T16:44:56+00:00","description":"Altavoces de techo KNL9 (8 ohmios, 15 W). Con un rango de frecuencia de 80-18 kHz y un nivel de presi\u00f3n sonora de 105 dB, son ideales para aplicaciones de audio en interiores. F\u00e1cil instalaci\u00f3n y alta durabilidad con clasificaci\u00f3n IP55.","breadcrumb":{"@id":"https:\/\/yellowtelecoms.com\/product\/ceiling-mount-speakers-model-knl9-8ohm-6w-copia\/#breadcrumb"},"inLanguage":"es","potentialAction":[{"@type":"ReadAction","target":["https:\/\/yellowtelecoms.com\/product\/ceiling-mount-speakers-model-knl9-8ohm-6w-copia\/"]}]},{"@type":"ImageObject","inLanguage":"es","@id":"https:\/\/yellowtelecoms.com\/product\/ceiling-mount-speakers-model-knl9-8ohm-6w-copia\/#primaryimage","url":"https:\/\/yellowtelecoms.com\/wp-content\/uploads\/2024\/12\/KNL9.jpg","contentUrl":"https:\/\/yellowtelecoms.com\/wp-content\/uploads\/2024\/12\/KNL9.jpg","width":800,"height":800},{"@type":"BreadcrumbList","@id":"https:\/\/yellowtelecoms.com\/product\/ceiling-mount-speakers-model-knl9-8ohm-6w-copia\/#breadcrumb","itemListElement":[{"@type":"ListItem","position":1,"name":"Home","item":"https:\/\/yellowtelecoms.com\/"},{"@type":"ListItem","position":2,"name":"Products","item":"https:\/\/yellowtelecoms.com\/shop__trashed\/"},{"@type":"ListItem","position":3,"name":"Ceiling Mount Speakers Model KNL9 (8Ohm 15w)"}]},{"@type":"WebSite","@id":"https:\/\/yellowtelecoms.com\/#website","url":"https:\/\/yellowtelecoms.com\/","name":"Telecomunicaciones amarillas","description":"","publisher":{"@id":"https:\/\/yellowtelecoms.com\/#organization"},"potentialAction":[{"@type":"SearchAction","target":{"@type":"EntryPoint","urlTemplate":"https:\/\/yellowtelecoms.com\/?s={search_term_string}"},"query-input":"required name=search_term_string"}],"inLanguage":"es"},{"@type":"Organization","@id":"https:\/\/yellowtelecoms.com\/#organization","name":"Telecomunicaciones amarillas","url":"https:\/\/yellowtelecoms.com\/","logo":{"@type":"ImageObject","inLanguage":"es","@id":"https:\/\/yellowtelecoms.com\/#\/schema\/logo\/image\/","url":"https:\/\/yellowtelecoms.com\/wp-content\/uploads\/2024\/03\/YTrailway.jpg","contentUrl":"https:\/\/yellowtelecoms.com\/wp-content\/uploads\/2024\/03\/YTrailway.jpg","width":550,"height":435,"caption":"Yellow Telecoms"},"image":{"@id":"https:\/\/yellowtelecoms.com\/#\/schema\/logo\/image\/"}}]}},"_links":{"self":[{"href":"https:\/\/yellowtelecoms.com\/es_es\/wp-json\/wp\/v2\/product\/4793","targetHints":{"allow":["GET"]}}],"collection":[{"href":"https:\/\/yellowtelecoms.com\/es_es\/wp-json\/wp\/v2\/product"}],"about":[{"href":"https:\/\/yellowtelecoms.com\/es_es\/wp-json\/wp\/v2\/types\/product"}],"wp:featuredmedia":[{"embeddable":true,"href":"https:\/\/yellowtelecoms.com\/es_es\/wp-json\/wp\/v2\/media\/4792"}],"wp:attachment":[{"href":"https:\/\/yellowtelecoms.com\/es_es\/wp-json\/wp\/v2\/media?parent=4793"}],"wp:term":[{"taxonomy":"product_cat","embeddable":true,"href":"https:\/\/yellowtelecoms.com\/es_es\/wp-json\/wp\/v2\/product_cat?post=4793"},{"taxonomy":"product_tag","embeddable":true,"href":"https:\/\/yellowtelecoms.com\/es_es\/wp-json\/wp\/v2\/product_tag?post=4793"}],"curies":[{"name":"wp","href":"https:\/\/api.w.org\/{rel}","templated":true}]}}