{"id":4789,"date":"2024-12-11T16:05:23","date_gmt":"2024-12-11T16:05:23","guid":{"rendered":"https:\/\/yellowtelecoms.com\/?post_type=product&#038;p=4789"},"modified":"2024-12-11T16:14:17","modified_gmt":"2024-12-11T16:14:17","slug":"sip-horn-speaker-model-knsipsp-l5-30w","status":"publish","type":"product","link":"https:\/\/yellowtelecoms.com\/es_es\/product\/sip-horn-speaker-model-knsipsp-l5-30w\/","title":{"rendered":"Altavoz de bocina SIP modelo KNSIPSP-L5 (30 W)"},"content":{"rendered":"","protected":false},"excerpt":{"rendered":"<p>Material\/Color: Pl\u00e1stico robusto\/blanco<br \/>\nTama\u00f1o: 263x182x125mm<br \/>\nClasificaci\u00f3n de resistencia al agua: IP67<\/p>\n<p>Aplicaci\u00f3n: Escuela, f\u00e1brica, central el\u00e9ctrica, edificios.<\/p>\n<p>Caracter\u00edsticas:<\/p>\n<ul>\n<li>Transmisi\u00f3n de audio unidireccional<\/li>\n<li>Amplificador de clase D incorporado (30 W)<\/li>\n<li>Alimentado por PoE<\/li>\n<li>Nivel m\u00e1ximo de presi\u00f3n sonora &gt;92dB<\/li>\n<li>Acabado: Aluminio\/Pintura en polvo blanca<\/li>\n<li>Para uso de megafon\u00eda y aplicaci\u00f3n de buscapersonas<\/li>\n<\/ul>","protected":false},"featured_media":3927,"template":"","meta":[],"product_cat":[65],"product_tag":[],"class_list":{"0":"post-4789","1":"product","2":"type-product","3":"status-publish","4":"has-post-thumbnail","6":"product_cat-explosion-proof-horn-speakers-paga-series","8":"first","9":"instock","10":"shipping-taxable","11":"product-type-simple"},"yoast_head":"<!-- This site is optimized with the Yoast SEO plugin v22.8 - https:\/\/yoast.com\/wordpress\/plugins\/seo\/ -->\n<title>SIP Horn Speaker Model KNSIPSP-L5 (30W) - Yellow Telecoms<\/title>\n<meta name=\"description\" content=\"El altavoz de bocina SIP KNSIPSP-L4, disponible en versiones de 30W, ofrece un sonido claro y potente con un rango de frecuencia de 300 Hz - 8 kHz y un nivel de presi\u00f3n sonora de 125 dB. Es ideal para aplicaciones de vigilancia y anuncios en exteriores, gracias a su f\u00e1cil instalaci\u00f3n y alta durabilidad. Su carcasa de aluminio resistente y clasificaci\u00f3n IP66 garantizan un rendimiento fiable en condiciones ambientales extremas. Adem\u00e1s, soporta PoE y se conecta directamente a redes IP, integrando sistemas de telefon\u00eda VoIP con protocolo SIP\" \/>\n<meta name=\"robots\" content=\"index, follow, max-snippet:-1, max-image-preview:large, max-video-preview:-1\" \/>\n<link rel=\"canonical\" href=\"https:\/\/yellowtelecoms.com\/es_es\/producto\/sip-horn-speaker-model-knsipsp-l5-30w\/\" \/>\n<meta property=\"og:locale\" content=\"es_ES\" \/>\n<meta property=\"og:type\" content=\"article\" \/>\n<meta property=\"og:title\" content=\"SIP Horn Speaker Model KNSIPSP-L5 (30W) - Yellow Telecoms\" \/>\n<meta property=\"og:description\" content=\"El altavoz de bocina SIP KNSIPSP-L4, disponible en versiones de 30W, ofrece un sonido claro y potente con un rango de frecuencia de 300 Hz - 8 kHz y un nivel de presi\u00f3n sonora de 125 dB. Es ideal para aplicaciones de vigilancia y anuncios en exteriores, gracias a su f\u00e1cil instalaci\u00f3n y alta durabilidad. Su carcasa de aluminio resistente y clasificaci\u00f3n IP66 garantizan un rendimiento fiable en condiciones ambientales extremas. Adem\u00e1s, soporta PoE y se conecta directamente a redes IP, integrando sistemas de telefon\u00eda VoIP con protocolo SIP\" \/>\n<meta property=\"og:url\" content=\"https:\/\/yellowtelecoms.com\/es_es\/producto\/sip-horn-speaker-model-knsipsp-l5-30w\/\" \/>\n<meta property=\"og:site_name\" content=\"Yellow Telecoms\" \/>\n<meta property=\"article:modified_time\" content=\"2024-12-11T16:14:17+00:00\" \/>\n<meta property=\"og:image\" content=\"https:\/\/yellowtelecoms.com\/wp-content\/uploads\/2024\/03\/KNSIPSP-L4.jpg\" \/>\n\t<meta property=\"og:image:width\" content=\"800\" \/>\n\t<meta property=\"og:image:height\" content=\"800\" \/>\n\t<meta property=\"og:image:type\" content=\"image\/jpeg\" \/>\n<meta name=\"twitter:card\" content=\"summary_large_image\" \/>\n<meta name=\"twitter:label1\" content=\"Tiempo de lectura\" \/>\n\t<meta name=\"twitter:data1\" content=\"1 minuto\" \/>\n<script type=\"application\/ld+json\" class=\"yoast-schema-graph\">{\"@context\":\"https:\/\/schema.org\",\"@graph\":[{\"@type\":\"WebPage\",\"@id\":\"https:\/\/yellowtelecoms.com\/product\/sip-horn-speaker-model-knsipsp-l5-30w\/\",\"url\":\"https:\/\/yellowtelecoms.com\/product\/sip-horn-speaker-model-knsipsp-l5-30w\/\",\"name\":\"SIP Horn Speaker Model KNSIPSP-L5 (30W) - Yellow Telecoms\",\"isPartOf\":{\"@id\":\"https:\/\/yellowtelecoms.com\/#website\"},\"primaryImageOfPage\":{\"@id\":\"https:\/\/yellowtelecoms.com\/product\/sip-horn-speaker-model-knsipsp-l5-30w\/#primaryimage\"},\"image\":{\"@id\":\"https:\/\/yellowtelecoms.com\/product\/sip-horn-speaker-model-knsipsp-l5-30w\/#primaryimage\"},\"thumbnailUrl\":\"https:\/\/yellowtelecoms.com\/wp-content\/uploads\/2024\/03\/KNSIPSP-L4.jpg\",\"datePublished\":\"2024-12-11T16:05:23+00:00\",\"dateModified\":\"2024-12-11T16:14:17+00:00\",\"description\":\"El altavoz de bocina SIP KNSIPSP-L4, disponible en versiones de 30W, ofrece un sonido claro y potente con un rango de frecuencia de 300 Hz - 8 kHz y un nivel de presi\u00f3n sonora de 125 dB. Es ideal para aplicaciones de vigilancia y anuncios en exteriores, gracias a su f\u00e1cil instalaci\u00f3n y alta durabilidad. Su carcasa de aluminio resistente y clasificaci\u00f3n IP66 garantizan un rendimiento fiable en condiciones ambientales extremas. Adem\u00e1s, soporta PoE y se conecta directamente a redes IP, integrando sistemas de telefon\u00eda VoIP con protocolo SIP\",\"breadcrumb\":{\"@id\":\"https:\/\/yellowtelecoms.com\/product\/sip-horn-speaker-model-knsipsp-l5-30w\/#breadcrumb\"},\"inLanguage\":\"es\",\"potentialAction\":[{\"@type\":\"ReadAction\",\"target\":[\"https:\/\/yellowtelecoms.com\/product\/sip-horn-speaker-model-knsipsp-l5-30w\/\"]}]},{\"@type\":\"ImageObject\",\"inLanguage\":\"es\",\"@id\":\"https:\/\/yellowtelecoms.com\/product\/sip-horn-speaker-model-knsipsp-l5-30w\/#primaryimage\",\"url\":\"https:\/\/yellowtelecoms.com\/wp-content\/uploads\/2024\/03\/KNSIPSP-L4.jpg\",\"contentUrl\":\"https:\/\/yellowtelecoms.com\/wp-content\/uploads\/2024\/03\/KNSIPSP-L4.jpg\",\"width\":800,\"height\":800},{\"@type\":\"BreadcrumbList\",\"@id\":\"https:\/\/yellowtelecoms.com\/product\/sip-horn-speaker-model-knsipsp-l5-30w\/#breadcrumb\",\"itemListElement\":[{\"@type\":\"ListItem\",\"position\":1,\"name\":\"Home\",\"item\":\"https:\/\/yellowtelecoms.com\/\"},{\"@type\":\"ListItem\",\"position\":2,\"name\":\"Products\",\"item\":\"https:\/\/yellowtelecoms.com\/shop__trashed\/\"},{\"@type\":\"ListItem\",\"position\":3,\"name\":\"SIP Horn Speaker Model KNSIPSP-L5 (30W)\"}]},{\"@type\":\"WebSite\",\"@id\":\"https:\/\/yellowtelecoms.com\/#website\",\"url\":\"https:\/\/yellowtelecoms.com\/\",\"name\":\"Yellow Telecoms\",\"description\":\"\",\"publisher\":{\"@id\":\"https:\/\/yellowtelecoms.com\/#organization\"},\"potentialAction\":[{\"@type\":\"SearchAction\",\"target\":{\"@type\":\"EntryPoint\",\"urlTemplate\":\"https:\/\/yellowtelecoms.com\/?s={search_term_string}\"},\"query-input\":\"required name=search_term_string\"}],\"inLanguage\":\"es\"},{\"@type\":\"Organization\",\"@id\":\"https:\/\/yellowtelecoms.com\/#organization\",\"name\":\"Yellow Telecoms\",\"url\":\"https:\/\/yellowtelecoms.com\/\",\"logo\":{\"@type\":\"ImageObject\",\"inLanguage\":\"es\",\"@id\":\"https:\/\/yellowtelecoms.com\/#\/schema\/logo\/image\/\",\"url\":\"https:\/\/yellowtelecoms.com\/wp-content\/uploads\/2024\/03\/YTrailway.jpg\",\"contentUrl\":\"https:\/\/yellowtelecoms.com\/wp-content\/uploads\/2024\/03\/YTrailway.jpg\",\"width\":550,\"height\":435,\"caption\":\"Yellow Telecoms\"},\"image\":{\"@id\":\"https:\/\/yellowtelecoms.com\/#\/schema\/logo\/image\/\"}}]}<\/script>\n<!-- \/ Yoast SEO plugin. -->","yoast_head_json":{"title":"Altavoz de bocina SIP modelo KNSIPSP-L5 (30 W) - Yellow Telecoms","description":"El altavoz de bocina SIP KNSIPSP-L4, disponible en versiones de 30W, ofrece un sonido claro y potente con un rango de frecuencia de 300 Hz - 8 kHz y un nivel de presi\u00f3n sonora de 125 dB. Es ideal para aplicaciones de vigilancia y anuncios en exteriores, gracias a su f\u00e1cil instalaci\u00f3n y alta durabilidad. Su carcasa de aluminio resistente y clasificaci\u00f3n IP66 garantizan un rendimiento confiable en condiciones ambientales extremas. Adem\u00e1s, soporta PoE y se conecta directamente a redes IP, integrando sistemas de telefon\u00eda VoIP con protocolo SIP.","robots":{"index":"index","follow":"follow","max-snippet":"max-snippet:-1","max-image-preview":"max-image-preview:large","max-video-preview":"max-video-preview:-1"},"canonical":"https:\/\/yellowtelecoms.com\/es_es\/producto\/sip-horn-speaker-model-knsipsp-l5-30w\/","og_locale":"es_ES","og_type":"article","og_title":"SIP Horn Speaker Model KNSIPSP-L5 (30W) - Yellow Telecoms","og_description":"El altavoz de bocina SIP KNSIPSP-L4, disponible en versiones de 30W, ofrece un sonido claro y potente con un rango de frecuencia de 300 Hz - 8 kHz y un nivel de presi\u00f3n sonora de 125 dB. Es ideal para aplicaciones de vigilancia y anuncios en exteriores, gracias a su f\u00e1cil instalaci\u00f3n y alta durabilidad. Su carcasa de aluminio resistente y clasificaci\u00f3n IP66 garantizan un rendimiento fiable en condiciones ambientales extremas. Adem\u00e1s, soporta PoE y se conecta directamente a redes IP, integrando sistemas de telefon\u00eda VoIP con protocolo SIP","og_url":"https:\/\/yellowtelecoms.com\/es_es\/producto\/sip-horn-speaker-model-knsipsp-l5-30w\/","og_site_name":"Yellow Telecoms","article_modified_time":"2024-12-11T16:14:17+00:00","og_image":[{"width":800,"height":800,"url":"https:\/\/yellowtelecoms.com\/wp-content\/uploads\/2024\/03\/KNSIPSP-L4.jpg","type":"image\/jpeg"}],"twitter_card":"summary_large_image","twitter_misc":{"Tiempo de lectura":"1 minuto"},"schema":{"@context":"https:\/\/schema.org","@graph":[{"@type":"WebPage","@id":"https:\/\/yellowtelecoms.com\/product\/sip-horn-speaker-model-knsipsp-l5-30w\/","url":"https:\/\/yellowtelecoms.com\/product\/sip-horn-speaker-model-knsipsp-l5-30w\/","name":"Altavoz de bocina SIP modelo KNSIPSP-L5 (30 W) - Yellow Telecoms","isPartOf":{"@id":"https:\/\/yellowtelecoms.com\/#website"},"primaryImageOfPage":{"@id":"https:\/\/yellowtelecoms.com\/product\/sip-horn-speaker-model-knsipsp-l5-30w\/#primaryimage"},"image":{"@id":"https:\/\/yellowtelecoms.com\/product\/sip-horn-speaker-model-knsipsp-l5-30w\/#primaryimage"},"thumbnailUrl":"https:\/\/yellowtelecoms.com\/wp-content\/uploads\/2024\/03\/KNSIPSP-L4.jpg","datePublished":"2024-12-11T16:05:23+00:00","dateModified":"2024-12-11T16:14:17+00:00","description":"El altavoz de bocina SIP KNSIPSP-L4, disponible en versiones de 30W, ofrece un sonido claro y potente con un rango de frecuencia de 300 Hz - 8 kHz y un nivel de presi\u00f3n sonora de 125 dB. Es ideal para aplicaciones de vigilancia y anuncios en exteriores, gracias a su f\u00e1cil instalaci\u00f3n y alta durabilidad. Su carcasa de aluminio resistente y clasificaci\u00f3n IP66 garantizan un rendimiento confiable en condiciones ambientales extremas. Adem\u00e1s, soporta PoE y se conecta directamente a redes IP, integrando sistemas de telefon\u00eda VoIP con protocolo SIP.","breadcrumb":{"@id":"https:\/\/yellowtelecoms.com\/product\/sip-horn-speaker-model-knsipsp-l5-30w\/#breadcrumb"},"inLanguage":"es","potentialAction":[{"@type":"ReadAction","target":["https:\/\/yellowtelecoms.com\/product\/sip-horn-speaker-model-knsipsp-l5-30w\/"]}]},{"@type":"ImageObject","inLanguage":"es","@id":"https:\/\/yellowtelecoms.com\/product\/sip-horn-speaker-model-knsipsp-l5-30w\/#primaryimage","url":"https:\/\/yellowtelecoms.com\/wp-content\/uploads\/2024\/03\/KNSIPSP-L4.jpg","contentUrl":"https:\/\/yellowtelecoms.com\/wp-content\/uploads\/2024\/03\/KNSIPSP-L4.jpg","width":800,"height":800},{"@type":"BreadcrumbList","@id":"https:\/\/yellowtelecoms.com\/product\/sip-horn-speaker-model-knsipsp-l5-30w\/#breadcrumb","itemListElement":[{"@type":"ListItem","position":1,"name":"Home","item":"https:\/\/yellowtelecoms.com\/"},{"@type":"ListItem","position":2,"name":"Products","item":"https:\/\/yellowtelecoms.com\/shop__trashed\/"},{"@type":"ListItem","position":3,"name":"SIP Horn Speaker Model KNSIPSP-L5 (30W)"}]},{"@type":"WebSite","@id":"https:\/\/yellowtelecoms.com\/#website","url":"https:\/\/yellowtelecoms.com\/","name":"Telecomunicaciones amarillas","description":"","publisher":{"@id":"https:\/\/yellowtelecoms.com\/#organization"},"potentialAction":[{"@type":"SearchAction","target":{"@type":"EntryPoint","urlTemplate":"https:\/\/yellowtelecoms.com\/?s={search_term_string}"},"query-input":"required name=search_term_string"}],"inLanguage":"es"},{"@type":"Organization","@id":"https:\/\/yellowtelecoms.com\/#organization","name":"Telecomunicaciones amarillas","url":"https:\/\/yellowtelecoms.com\/","logo":{"@type":"ImageObject","inLanguage":"es","@id":"https:\/\/yellowtelecoms.com\/#\/schema\/logo\/image\/","url":"https:\/\/yellowtelecoms.com\/wp-content\/uploads\/2024\/03\/YTrailway.jpg","contentUrl":"https:\/\/yellowtelecoms.com\/wp-content\/uploads\/2024\/03\/YTrailway.jpg","width":550,"height":435,"caption":"Yellow Telecoms"},"image":{"@id":"https:\/\/yellowtelecoms.com\/#\/schema\/logo\/image\/"}}]}},"_links":{"self":[{"href":"https:\/\/yellowtelecoms.com\/es_es\/wp-json\/wp\/v2\/product\/4789","targetHints":{"allow":["GET"]}}],"collection":[{"href":"https:\/\/yellowtelecoms.com\/es_es\/wp-json\/wp\/v2\/product"}],"about":[{"href":"https:\/\/yellowtelecoms.com\/es_es\/wp-json\/wp\/v2\/types\/product"}],"wp:featuredmedia":[{"embeddable":true,"href":"https:\/\/yellowtelecoms.com\/es_es\/wp-json\/wp\/v2\/media\/3927"}],"wp:attachment":[{"href":"https:\/\/yellowtelecoms.com\/es_es\/wp-json\/wp\/v2\/media?parent=4789"}],"wp:term":[{"taxonomy":"product_cat","embeddable":true,"href":"https:\/\/yellowtelecoms.com\/es_es\/wp-json\/wp\/v2\/product_cat?post=4789"},{"taxonomy":"product_tag","embeddable":true,"href":"https:\/\/yellowtelecoms.com\/es_es\/wp-json\/wp\/v2\/product_tag?post=4789"}],"curies":[{"name":"wp","href":"https:\/\/api.w.org\/{rel}","templated":true}]}}