{"id":3784,"date":"2024-03-06T07:13:35","date_gmt":"2024-03-06T07:13:35","guid":{"rendered":"https:\/\/yellowtelecoms.com\/sitefiles\/?post_type=product&#038;p=3784"},"modified":"2024-03-07T11:19:56","modified_gmt":"2024-03-07T11:19:56","slug":"sip-column-speaker-7w-model-knsipsp-l7","status":"publish","type":"product","link":"https:\/\/yellowtelecoms.com\/es_es\/product\/sip-column-speaker-7w-model-knsipsp-l7\/","title":{"rendered":"Altavoz de columna SIP 7W Modelo KNSIPSP-L7"},"content":{"rendered":"","protected":false},"excerpt":{"rendered":"<p>Material\/Color: Robusto acero laminado en fr\u00edo<br \/>\nTama\u00f1o: 500x160x120mm<br \/>\nClasificaci\u00f3n impermeable: IP55<\/p>\n<p>Aplicaci\u00f3n: Escuela, f\u00e1brica, central el\u00e9ctrica, edificios.<\/p>\n<p>Caracter\u00edsticas:<\/p>\n<ul>\n<li>Transmisi\u00f3n de audio unidireccional<\/li>\n<li>Amplificador incorporado de clase D de 7W<\/li>\n<li>Alimentado por PoE<\/li>\n<li>Nivel m\u00e1ximo de presi\u00f3n sonora &gt;92dB<\/li>\n<li>Para uso de megafon\u00eda y aplicaci\u00f3n de buscapersonas<\/li>\n<\/ul>","protected":false},"featured_media":3925,"template":"","meta":[],"product_cat":[65],"product_tag":[],"class_list":{"0":"post-3784","1":"product","2":"type-product","3":"status-publish","4":"has-post-thumbnail","6":"product_cat-explosion-proof-horn-speakers-paga-series","8":"first","9":"instock","10":"shipping-taxable","11":"product-type-simple"},"yoast_head":"<!-- This site is optimized with the Yoast SEO plugin v22.8 - https:\/\/yoast.com\/wordpress\/plugins\/seo\/ -->\n<title>SIP Column Speaker 7W Model KNSIPSP-L7 - Yellow Telecoms<\/title>\n<meta name=\"robots\" content=\"index, follow, max-snippet:-1, max-image-preview:large, max-video-preview:-1\" \/>\n<link rel=\"canonical\" href=\"https:\/\/yellowtelecoms.com\/es_es\/producto\/sip-column-speaker-7w-model-knsipsp-l7\/\" \/>\n<meta property=\"og:locale\" content=\"es_ES\" \/>\n<meta property=\"og:type\" content=\"article\" \/>\n<meta property=\"og:title\" content=\"SIP Column Speaker 7W Model KNSIPSP-L7 - Yellow Telecoms\" \/>\n<meta property=\"og:description\" content=\"Material\/Colour: Robust cold rolled steel Size: 500x160x120mm Waterproof Rating: IP55  Application: School, factory, power plant, buildings.  Features:   One-way audio stream  Built-in 7W class D amplifier  PoE powered  Max sound pressure level \uff1e92dB  For use of public address and paging application\" \/>\n<meta property=\"og:url\" content=\"https:\/\/yellowtelecoms.com\/es_es\/producto\/sip-column-speaker-7w-model-knsipsp-l7\/\" \/>\n<meta property=\"og:site_name\" content=\"Yellow Telecoms\" \/>\n<meta property=\"article:modified_time\" content=\"2024-03-07T11:19:56+00:00\" \/>\n<meta property=\"og:image\" content=\"https:\/\/yellowtelecoms.com\/wp-content\/uploads\/2024\/03\/KNSIPSP-L7.jpg\" \/>\n\t<meta property=\"og:image:width\" content=\"800\" \/>\n\t<meta property=\"og:image:height\" content=\"800\" \/>\n\t<meta property=\"og:image:type\" content=\"image\/jpeg\" \/>\n<meta name=\"twitter:card\" content=\"summary_large_image\" \/>\n<script type=\"application\/ld+json\" class=\"yoast-schema-graph\">{\"@context\":\"https:\/\/schema.org\",\"@graph\":[{\"@type\":\"WebPage\",\"@id\":\"https:\/\/yellowtelecoms.com\/product\/sip-column-speaker-7w-model-knsipsp-l7\/\",\"url\":\"https:\/\/yellowtelecoms.com\/product\/sip-column-speaker-7w-model-knsipsp-l7\/\",\"name\":\"SIP Column Speaker 7W Model KNSIPSP-L7 - Yellow Telecoms\",\"isPartOf\":{\"@id\":\"https:\/\/yellowtelecoms.com\/#website\"},\"primaryImageOfPage\":{\"@id\":\"https:\/\/yellowtelecoms.com\/product\/sip-column-speaker-7w-model-knsipsp-l7\/#primaryimage\"},\"image\":{\"@id\":\"https:\/\/yellowtelecoms.com\/product\/sip-column-speaker-7w-model-knsipsp-l7\/#primaryimage\"},\"thumbnailUrl\":\"https:\/\/yellowtelecoms.com\/wp-content\/uploads\/2024\/03\/KNSIPSP-L7.jpg\",\"datePublished\":\"2024-03-06T07:13:35+00:00\",\"dateModified\":\"2024-03-07T11:19:56+00:00\",\"breadcrumb\":{\"@id\":\"https:\/\/yellowtelecoms.com\/product\/sip-column-speaker-7w-model-knsipsp-l7\/#breadcrumb\"},\"inLanguage\":\"es\",\"potentialAction\":[{\"@type\":\"ReadAction\",\"target\":[\"https:\/\/yellowtelecoms.com\/product\/sip-column-speaker-7w-model-knsipsp-l7\/\"]}]},{\"@type\":\"ImageObject\",\"inLanguage\":\"es\",\"@id\":\"https:\/\/yellowtelecoms.com\/product\/sip-column-speaker-7w-model-knsipsp-l7\/#primaryimage\",\"url\":\"https:\/\/yellowtelecoms.com\/wp-content\/uploads\/2024\/03\/KNSIPSP-L7.jpg\",\"contentUrl\":\"https:\/\/yellowtelecoms.com\/wp-content\/uploads\/2024\/03\/KNSIPSP-L7.jpg\",\"width\":800,\"height\":800},{\"@type\":\"BreadcrumbList\",\"@id\":\"https:\/\/yellowtelecoms.com\/product\/sip-column-speaker-7w-model-knsipsp-l7\/#breadcrumb\",\"itemListElement\":[{\"@type\":\"ListItem\",\"position\":1,\"name\":\"Home\",\"item\":\"https:\/\/yellowtelecoms.com\/\"},{\"@type\":\"ListItem\",\"position\":2,\"name\":\"Products\",\"item\":\"https:\/\/yellowtelecoms.com\/shop__trashed\/\"},{\"@type\":\"ListItem\",\"position\":3,\"name\":\"SIP Column Speaker 7W Model KNSIPSP-L7\"}]},{\"@type\":\"WebSite\",\"@id\":\"https:\/\/yellowtelecoms.com\/#website\",\"url\":\"https:\/\/yellowtelecoms.com\/\",\"name\":\"Yellow Telecoms\",\"description\":\"\",\"publisher\":{\"@id\":\"https:\/\/yellowtelecoms.com\/#organization\"},\"potentialAction\":[{\"@type\":\"SearchAction\",\"target\":{\"@type\":\"EntryPoint\",\"urlTemplate\":\"https:\/\/yellowtelecoms.com\/?s={search_term_string}\"},\"query-input\":\"required name=search_term_string\"}],\"inLanguage\":\"es\"},{\"@type\":\"Organization\",\"@id\":\"https:\/\/yellowtelecoms.com\/#organization\",\"name\":\"Yellow Telecoms\",\"url\":\"https:\/\/yellowtelecoms.com\/\",\"logo\":{\"@type\":\"ImageObject\",\"inLanguage\":\"es\",\"@id\":\"https:\/\/yellowtelecoms.com\/#\/schema\/logo\/image\/\",\"url\":\"https:\/\/yellowtelecoms.com\/wp-content\/uploads\/2024\/03\/YTrailway.jpg\",\"contentUrl\":\"https:\/\/yellowtelecoms.com\/wp-content\/uploads\/2024\/03\/YTrailway.jpg\",\"width\":550,\"height\":435,\"caption\":\"Yellow Telecoms\"},\"image\":{\"@id\":\"https:\/\/yellowtelecoms.com\/#\/schema\/logo\/image\/\"}}]}<\/script>\n<!-- \/ Yoast SEO plugin. -->","yoast_head_json":{"title":"Altavoz de columna SIP de 7 W, modelo KNSIPSP-L7 - Yellow Telecoms","robots":{"index":"index","follow":"follow","max-snippet":"max-snippet:-1","max-image-preview":"max-image-preview:large","max-video-preview":"max-video-preview:-1"},"canonical":"https:\/\/yellowtelecoms.com\/es_es\/producto\/sip-column-speaker-7w-model-knsipsp-l7\/","og_locale":"es_ES","og_type":"article","og_title":"SIP Column Speaker 7W Model KNSIPSP-L7 - Yellow Telecoms","og_description":"Material\/Colour: Robust cold rolled steel Size: 500x160x120mm Waterproof Rating: IP55  Application: School, factory, power plant, buildings.  Features:   One-way audio stream  Built-in 7W class D amplifier  PoE powered  Max sound pressure level \uff1e92dB  For use of public address and paging application","og_url":"https:\/\/yellowtelecoms.com\/es_es\/producto\/sip-column-speaker-7w-model-knsipsp-l7\/","og_site_name":"Yellow Telecoms","article_modified_time":"2024-03-07T11:19:56+00:00","og_image":[{"width":800,"height":800,"url":"https:\/\/yellowtelecoms.com\/wp-content\/uploads\/2024\/03\/KNSIPSP-L7.jpg","type":"image\/jpeg"}],"twitter_card":"summary_large_image","schema":{"@context":"https:\/\/schema.org","@graph":[{"@type":"WebPage","@id":"https:\/\/yellowtelecoms.com\/product\/sip-column-speaker-7w-model-knsipsp-l7\/","url":"https:\/\/yellowtelecoms.com\/product\/sip-column-speaker-7w-model-knsipsp-l7\/","name":"Altavoz de columna SIP de 7 W, modelo KNSIPSP-L7 - Yellow Telecoms","isPartOf":{"@id":"https:\/\/yellowtelecoms.com\/#website"},"primaryImageOfPage":{"@id":"https:\/\/yellowtelecoms.com\/product\/sip-column-speaker-7w-model-knsipsp-l7\/#primaryimage"},"image":{"@id":"https:\/\/yellowtelecoms.com\/product\/sip-column-speaker-7w-model-knsipsp-l7\/#primaryimage"},"thumbnailUrl":"https:\/\/yellowtelecoms.com\/wp-content\/uploads\/2024\/03\/KNSIPSP-L7.jpg","datePublished":"2024-03-06T07:13:35+00:00","dateModified":"2024-03-07T11:19:56+00:00","breadcrumb":{"@id":"https:\/\/yellowtelecoms.com\/product\/sip-column-speaker-7w-model-knsipsp-l7\/#breadcrumb"},"inLanguage":"es","potentialAction":[{"@type":"ReadAction","target":["https:\/\/yellowtelecoms.com\/product\/sip-column-speaker-7w-model-knsipsp-l7\/"]}]},{"@type":"ImageObject","inLanguage":"es","@id":"https:\/\/yellowtelecoms.com\/product\/sip-column-speaker-7w-model-knsipsp-l7\/#primaryimage","url":"https:\/\/yellowtelecoms.com\/wp-content\/uploads\/2024\/03\/KNSIPSP-L7.jpg","contentUrl":"https:\/\/yellowtelecoms.com\/wp-content\/uploads\/2024\/03\/KNSIPSP-L7.jpg","width":800,"height":800},{"@type":"BreadcrumbList","@id":"https:\/\/yellowtelecoms.com\/product\/sip-column-speaker-7w-model-knsipsp-l7\/#breadcrumb","itemListElement":[{"@type":"ListItem","position":1,"name":"Home","item":"https:\/\/yellowtelecoms.com\/"},{"@type":"ListItem","position":2,"name":"Products","item":"https:\/\/yellowtelecoms.com\/shop__trashed\/"},{"@type":"ListItem","position":3,"name":"SIP Column Speaker 7W Model KNSIPSP-L7"}]},{"@type":"WebSite","@id":"https:\/\/yellowtelecoms.com\/#website","url":"https:\/\/yellowtelecoms.com\/","name":"Telecomunicaciones amarillas","description":"","publisher":{"@id":"https:\/\/yellowtelecoms.com\/#organization"},"potentialAction":[{"@type":"SearchAction","target":{"@type":"EntryPoint","urlTemplate":"https:\/\/yellowtelecoms.com\/?s={search_term_string}"},"query-input":"required name=search_term_string"}],"inLanguage":"es"},{"@type":"Organization","@id":"https:\/\/yellowtelecoms.com\/#organization","name":"Telecomunicaciones amarillas","url":"https:\/\/yellowtelecoms.com\/","logo":{"@type":"ImageObject","inLanguage":"es","@id":"https:\/\/yellowtelecoms.com\/#\/schema\/logo\/image\/","url":"https:\/\/yellowtelecoms.com\/wp-content\/uploads\/2024\/03\/YTrailway.jpg","contentUrl":"https:\/\/yellowtelecoms.com\/wp-content\/uploads\/2024\/03\/YTrailway.jpg","width":550,"height":435,"caption":"Yellow Telecoms"},"image":{"@id":"https:\/\/yellowtelecoms.com\/#\/schema\/logo\/image\/"}}]}},"_links":{"self":[{"href":"https:\/\/yellowtelecoms.com\/es_es\/wp-json\/wp\/v2\/product\/3784","targetHints":{"allow":["GET"]}}],"collection":[{"href":"https:\/\/yellowtelecoms.com\/es_es\/wp-json\/wp\/v2\/product"}],"about":[{"href":"https:\/\/yellowtelecoms.com\/es_es\/wp-json\/wp\/v2\/types\/product"}],"wp:featuredmedia":[{"embeddable":true,"href":"https:\/\/yellowtelecoms.com\/es_es\/wp-json\/wp\/v2\/media\/3925"}],"wp:attachment":[{"href":"https:\/\/yellowtelecoms.com\/es_es\/wp-json\/wp\/v2\/media?parent=3784"}],"wp:term":[{"taxonomy":"product_cat","embeddable":true,"href":"https:\/\/yellowtelecoms.com\/es_es\/wp-json\/wp\/v2\/product_cat?post=3784"},{"taxonomy":"product_tag","embeddable":true,"href":"https:\/\/yellowtelecoms.com\/es_es\/wp-json\/wp\/v2\/product_tag?post=3784"}],"curies":[{"name":"wp","href":"https:\/\/api.w.org\/{rel}","templated":true}]}}