{"id":3780,"date":"2024-03-06T07:10:02","date_gmt":"2024-03-06T07:10:02","guid":{"rendered":"https:\/\/yellowtelecoms.com\/sitefiles\/?post_type=product&#038;p=3780"},"modified":"2024-03-07T11:22:02","modified_gmt":"2024-03-07T11:22:02","slug":"explosion-proof-speaker-15w-30w-model-knlb-ex15-knlb-ex30","status":"publish","type":"product","link":"https:\/\/yellowtelecoms.com\/es_es\/product\/explosion-proof-speaker-15w-30w-model-knlb-ex15-knlb-ex30\/","title":{"rendered":"Altavoz a prueba de explosiones 15W\/30W Modelo KNLB-EX15\/ KNLB-EX30"},"content":{"rendered":"","protected":false},"excerpt":{"rendered":"<p>Material\/color: Poliamida robusta y antiest\u00e1tica\/negro<\/p>\n<p>Aplicaci\u00f3n: Petr\u00f3leo y gas, centrales el\u00e9ctricas, plataformas de perforaci\u00f3n, costa afuera, petr\u00f3leo, metalurgia, industria qu\u00edmica.<\/p>\n<p>Caracter\u00edsticas:<\/p>\n<ul>\n<li>Certificado ATEX<\/li>\n<li>La temperatura de servicio oscila entre -40 \u2103 y +55 \u2103<\/li>\n<li>II 2GD Ex db eb mb IIC T5 Gb, II 2D Ex tb IIIC T100\u2103 Db<\/li>\n<li>Impedancia CA 8\u03a9, resistencia fija sin transformador<\/li>\n<li>Para uso de megafon\u00eda y aplicaci\u00f3n de buscapersonas<\/li>\n<\/ul>","protected":false},"featured_media":3931,"template":"","meta":[],"product_cat":[65],"product_tag":[],"class_list":{"0":"post-3780","1":"product","2":"type-product","3":"status-publish","4":"has-post-thumbnail","6":"product_cat-explosion-proof-horn-speakers-paga-series","8":"first","9":"instock","10":"shipping-taxable","11":"product-type-simple"},"yoast_head":"<!-- This site is optimized with the Yoast SEO plugin v22.8 - https:\/\/yoast.com\/wordpress\/plugins\/seo\/ -->\n<title>Explosion Proof Speaker 15W\/30W Model KNLB-EX15\/ KNLB-EX30 - Yellow Telecoms<\/title>\n<meta name=\"robots\" content=\"index, follow, max-snippet:-1, max-image-preview:large, max-video-preview:-1\" \/>\n<link rel=\"canonical\" href=\"https:\/\/yellowtelecoms.com\/es_es\/producto\/explosion-proof-speaker-15w-30w-model-knlb-ex15-knlb-ex30\/\" \/>\n<meta property=\"og:locale\" content=\"es_ES\" \/>\n<meta property=\"og:type\" content=\"article\" \/>\n<meta property=\"og:title\" content=\"Explosion Proof Speaker 15W\/30W Model KNLB-EX15\/ KNLB-EX30 - Yellow Telecoms\" \/>\n<meta property=\"og:description\" content=\"Material\/Colour: Robust anti-static polyamide\/black  Application: Oil &amp; Gas, power plant, drilling platform, offshore, petroleum, metallurgy, chemical industry.  Features:   ATEX certified  Service temperature ranges from -40 \u2103 to +55\u2103  II 2GD Ex db eb mb IIC T5 Gb, II 2D Ex tb IIIC T100\u2103 Db  AC impedance 8\u03a9, fixed-resistance without transformer  For use of public address and paging application\" \/>\n<meta property=\"og:url\" content=\"https:\/\/yellowtelecoms.com\/es_es\/producto\/explosion-proof-speaker-15w-30w-model-knlb-ex15-knlb-ex30\/\" \/>\n<meta property=\"og:site_name\" content=\"Yellow Telecoms\" \/>\n<meta property=\"article:modified_time\" content=\"2024-03-07T11:22:02+00:00\" \/>\n<meta property=\"og:image\" content=\"https:\/\/yellowtelecoms.com\/wp-content\/uploads\/2024\/03\/KNLB-EX30.jpg\" \/>\n\t<meta property=\"og:image:width\" content=\"800\" \/>\n\t<meta property=\"og:image:height\" content=\"800\" \/>\n\t<meta property=\"og:image:type\" content=\"image\/jpeg\" \/>\n<meta name=\"twitter:card\" content=\"summary_large_image\" \/>\n<script type=\"application\/ld+json\" class=\"yoast-schema-graph\">{\"@context\":\"https:\/\/schema.org\",\"@graph\":[{\"@type\":\"WebPage\",\"@id\":\"https:\/\/yellowtelecoms.com\/product\/explosion-proof-speaker-15w-30w-model-knlb-ex15-knlb-ex30\/\",\"url\":\"https:\/\/yellowtelecoms.com\/product\/explosion-proof-speaker-15w-30w-model-knlb-ex15-knlb-ex30\/\",\"name\":\"Explosion Proof Speaker 15W\/30W Model KNLB-EX15\/ KNLB-EX30 - Yellow Telecoms\",\"isPartOf\":{\"@id\":\"https:\/\/yellowtelecoms.com\/#website\"},\"primaryImageOfPage\":{\"@id\":\"https:\/\/yellowtelecoms.com\/product\/explosion-proof-speaker-15w-30w-model-knlb-ex15-knlb-ex30\/#primaryimage\"},\"image\":{\"@id\":\"https:\/\/yellowtelecoms.com\/product\/explosion-proof-speaker-15w-30w-model-knlb-ex15-knlb-ex30\/#primaryimage\"},\"thumbnailUrl\":\"https:\/\/yellowtelecoms.com\/wp-content\/uploads\/2024\/03\/KNLB-EX30.jpg\",\"datePublished\":\"2024-03-06T07:10:02+00:00\",\"dateModified\":\"2024-03-07T11:22:02+00:00\",\"breadcrumb\":{\"@id\":\"https:\/\/yellowtelecoms.com\/product\/explosion-proof-speaker-15w-30w-model-knlb-ex15-knlb-ex30\/#breadcrumb\"},\"inLanguage\":\"es\",\"potentialAction\":[{\"@type\":\"ReadAction\",\"target\":[\"https:\/\/yellowtelecoms.com\/product\/explosion-proof-speaker-15w-30w-model-knlb-ex15-knlb-ex30\/\"]}]},{\"@type\":\"ImageObject\",\"inLanguage\":\"es\",\"@id\":\"https:\/\/yellowtelecoms.com\/product\/explosion-proof-speaker-15w-30w-model-knlb-ex15-knlb-ex30\/#primaryimage\",\"url\":\"https:\/\/yellowtelecoms.com\/wp-content\/uploads\/2024\/03\/KNLB-EX30.jpg\",\"contentUrl\":\"https:\/\/yellowtelecoms.com\/wp-content\/uploads\/2024\/03\/KNLB-EX30.jpg\",\"width\":800,\"height\":800},{\"@type\":\"BreadcrumbList\",\"@id\":\"https:\/\/yellowtelecoms.com\/product\/explosion-proof-speaker-15w-30w-model-knlb-ex15-knlb-ex30\/#breadcrumb\",\"itemListElement\":[{\"@type\":\"ListItem\",\"position\":1,\"name\":\"Home\",\"item\":\"https:\/\/yellowtelecoms.com\/\"},{\"@type\":\"ListItem\",\"position\":2,\"name\":\"Products\",\"item\":\"https:\/\/yellowtelecoms.com\/shop__trashed\/\"},{\"@type\":\"ListItem\",\"position\":3,\"name\":\"Explosion Proof Speaker 15W\/30W Model KNLB-EX15\/ KNLB-EX30\"}]},{\"@type\":\"WebSite\",\"@id\":\"https:\/\/yellowtelecoms.com\/#website\",\"url\":\"https:\/\/yellowtelecoms.com\/\",\"name\":\"Yellow Telecoms\",\"description\":\"\",\"publisher\":{\"@id\":\"https:\/\/yellowtelecoms.com\/#organization\"},\"potentialAction\":[{\"@type\":\"SearchAction\",\"target\":{\"@type\":\"EntryPoint\",\"urlTemplate\":\"https:\/\/yellowtelecoms.com\/?s={search_term_string}\"},\"query-input\":\"required name=search_term_string\"}],\"inLanguage\":\"es\"},{\"@type\":\"Organization\",\"@id\":\"https:\/\/yellowtelecoms.com\/#organization\",\"name\":\"Yellow Telecoms\",\"url\":\"https:\/\/yellowtelecoms.com\/\",\"logo\":{\"@type\":\"ImageObject\",\"inLanguage\":\"es\",\"@id\":\"https:\/\/yellowtelecoms.com\/#\/schema\/logo\/image\/\",\"url\":\"https:\/\/yellowtelecoms.com\/wp-content\/uploads\/2024\/03\/YTrailway.jpg\",\"contentUrl\":\"https:\/\/yellowtelecoms.com\/wp-content\/uploads\/2024\/03\/YTrailway.jpg\",\"width\":550,\"height\":435,\"caption\":\"Yellow Telecoms\"},\"image\":{\"@id\":\"https:\/\/yellowtelecoms.com\/#\/schema\/logo\/image\/\"}}]}<\/script>\n<!-- \/ Yoast SEO plugin. -->","yoast_head_json":{"title":"Altavoz a prueba de explosiones de 15 W\/30 W, modelo KNLB-EX15\/KNLB-EX30 - Yellow Telecoms","robots":{"index":"index","follow":"follow","max-snippet":"max-snippet:-1","max-image-preview":"max-image-preview:large","max-video-preview":"max-video-preview:-1"},"canonical":"https:\/\/yellowtelecoms.com\/es_es\/producto\/explosion-proof-speaker-15w-30w-model-knlb-ex15-knlb-ex30\/","og_locale":"es_ES","og_type":"article","og_title":"Explosion Proof Speaker 15W\/30W Model KNLB-EX15\/ KNLB-EX30 - Yellow Telecoms","og_description":"Material\/Colour: Robust anti-static polyamide\/black  Application: Oil &amp; Gas, power plant, drilling platform, offshore, petroleum, metallurgy, chemical industry.  Features:   ATEX certified  Service temperature ranges from -40 \u2103 to +55\u2103  II 2GD Ex db eb mb IIC T5 Gb, II 2D Ex tb IIIC T100\u2103 Db  AC impedance 8\u03a9, fixed-resistance without transformer  For use of public address and paging application","og_url":"https:\/\/yellowtelecoms.com\/es_es\/producto\/explosion-proof-speaker-15w-30w-model-knlb-ex15-knlb-ex30\/","og_site_name":"Yellow Telecoms","article_modified_time":"2024-03-07T11:22:02+00:00","og_image":[{"width":800,"height":800,"url":"https:\/\/yellowtelecoms.com\/wp-content\/uploads\/2024\/03\/KNLB-EX30.jpg","type":"image\/jpeg"}],"twitter_card":"summary_large_image","schema":{"@context":"https:\/\/schema.org","@graph":[{"@type":"WebPage","@id":"https:\/\/yellowtelecoms.com\/product\/explosion-proof-speaker-15w-30w-model-knlb-ex15-knlb-ex30\/","url":"https:\/\/yellowtelecoms.com\/product\/explosion-proof-speaker-15w-30w-model-knlb-ex15-knlb-ex30\/","name":"Altavoz a prueba de explosiones de 15 W\/30 W, modelo KNLB-EX15\/KNLB-EX30 - Yellow Telecoms","isPartOf":{"@id":"https:\/\/yellowtelecoms.com\/#website"},"primaryImageOfPage":{"@id":"https:\/\/yellowtelecoms.com\/product\/explosion-proof-speaker-15w-30w-model-knlb-ex15-knlb-ex30\/#primaryimage"},"image":{"@id":"https:\/\/yellowtelecoms.com\/product\/explosion-proof-speaker-15w-30w-model-knlb-ex15-knlb-ex30\/#primaryimage"},"thumbnailUrl":"https:\/\/yellowtelecoms.com\/wp-content\/uploads\/2024\/03\/KNLB-EX30.jpg","datePublished":"2024-03-06T07:10:02+00:00","dateModified":"2024-03-07T11:22:02+00:00","breadcrumb":{"@id":"https:\/\/yellowtelecoms.com\/product\/explosion-proof-speaker-15w-30w-model-knlb-ex15-knlb-ex30\/#breadcrumb"},"inLanguage":"es","potentialAction":[{"@type":"ReadAction","target":["https:\/\/yellowtelecoms.com\/product\/explosion-proof-speaker-15w-30w-model-knlb-ex15-knlb-ex30\/"]}]},{"@type":"ImageObject","inLanguage":"es","@id":"https:\/\/yellowtelecoms.com\/product\/explosion-proof-speaker-15w-30w-model-knlb-ex15-knlb-ex30\/#primaryimage","url":"https:\/\/yellowtelecoms.com\/wp-content\/uploads\/2024\/03\/KNLB-EX30.jpg","contentUrl":"https:\/\/yellowtelecoms.com\/wp-content\/uploads\/2024\/03\/KNLB-EX30.jpg","width":800,"height":800},{"@type":"BreadcrumbList","@id":"https:\/\/yellowtelecoms.com\/product\/explosion-proof-speaker-15w-30w-model-knlb-ex15-knlb-ex30\/#breadcrumb","itemListElement":[{"@type":"ListItem","position":1,"name":"Home","item":"https:\/\/yellowtelecoms.com\/"},{"@type":"ListItem","position":2,"name":"Products","item":"https:\/\/yellowtelecoms.com\/shop__trashed\/"},{"@type":"ListItem","position":3,"name":"Explosion Proof Speaker 15W\/30W Model KNLB-EX15\/ KNLB-EX30"}]},{"@type":"WebSite","@id":"https:\/\/yellowtelecoms.com\/#website","url":"https:\/\/yellowtelecoms.com\/","name":"Telecomunicaciones amarillas","description":"","publisher":{"@id":"https:\/\/yellowtelecoms.com\/#organization"},"potentialAction":[{"@type":"SearchAction","target":{"@type":"EntryPoint","urlTemplate":"https:\/\/yellowtelecoms.com\/?s={search_term_string}"},"query-input":"required name=search_term_string"}],"inLanguage":"es"},{"@type":"Organization","@id":"https:\/\/yellowtelecoms.com\/#organization","name":"Telecomunicaciones amarillas","url":"https:\/\/yellowtelecoms.com\/","logo":{"@type":"ImageObject","inLanguage":"es","@id":"https:\/\/yellowtelecoms.com\/#\/schema\/logo\/image\/","url":"https:\/\/yellowtelecoms.com\/wp-content\/uploads\/2024\/03\/YTrailway.jpg","contentUrl":"https:\/\/yellowtelecoms.com\/wp-content\/uploads\/2024\/03\/YTrailway.jpg","width":550,"height":435,"caption":"Yellow Telecoms"},"image":{"@id":"https:\/\/yellowtelecoms.com\/#\/schema\/logo\/image\/"}}]}},"_links":{"self":[{"href":"https:\/\/yellowtelecoms.com\/es_es\/wp-json\/wp\/v2\/product\/3780","targetHints":{"allow":["GET"]}}],"collection":[{"href":"https:\/\/yellowtelecoms.com\/es_es\/wp-json\/wp\/v2\/product"}],"about":[{"href":"https:\/\/yellowtelecoms.com\/es_es\/wp-json\/wp\/v2\/types\/product"}],"wp:featuredmedia":[{"embeddable":true,"href":"https:\/\/yellowtelecoms.com\/es_es\/wp-json\/wp\/v2\/media\/3931"}],"wp:attachment":[{"href":"https:\/\/yellowtelecoms.com\/es_es\/wp-json\/wp\/v2\/media?parent=3780"}],"wp:term":[{"taxonomy":"product_cat","embeddable":true,"href":"https:\/\/yellowtelecoms.com\/es_es\/wp-json\/wp\/v2\/product_cat?post=3780"},{"taxonomy":"product_tag","embeddable":true,"href":"https:\/\/yellowtelecoms.com\/es_es\/wp-json\/wp\/v2\/product_tag?post=3780"}],"curies":[{"name":"wp","href":"https:\/\/api.w.org\/{rel}","templated":true}]}}