{"id":3710,"date":"2024-03-06T03:44:01","date_gmt":"2024-03-06T03:44:01","guid":{"rendered":"https:\/\/yellowtelecoms.com\/sitefiles\/?post_type=product&#038;p=3710"},"modified":"2024-03-07T03:31:25","modified_gmt":"2024-03-07T03:31:25","slug":"video-help-point-model-knzd-20","status":"publish","type":"product","link":"https:\/\/yellowtelecoms.com\/es_es\/product\/video-help-point-model-knzd-20\/","title":{"rendered":"Punto de ayuda en v\u00eddeo modelo KNZD-20"},"content":{"rendered":"","protected":false},"excerpt":{"rendered":"<p>Material: cuerpo de acero inoxidable 304<br \/>\nTama\u00f1o: 320x205x80mm<br \/>\nClasificaci\u00f3n impermeable: IP55<\/p>\n<p>Aplicaci\u00f3n: Metro, LRT, aeropuerto, sala limpia, escuela, banco, ascensor.<\/p>\n<p>Caracter\u00edsticas:<\/p>\n<ul>\n<li>Pulsador manos libres para llamar con un solo toque<\/li>\n<li>Responder y colgar autom\u00e1ticamente<\/li>\n<li>Admite videollamada unidireccional, altavoz incorporado de 3 W<\/li>\n<li>Con c\u00e1mara HD incorporada, bucle de inducci\u00f3n opcional.<\/li>\n<li>Hardware resistente a vandalismo y manipulaci\u00f3n, f\u00e1cil instalaci\u00f3n<\/li>\n<li>Instalaci\u00f3n tipo empotrada, montaje en pared opcional<\/li>\n<li>Versi\u00f3n: VoIP<\/li>\n<\/ul>","protected":false},"featured_media":3903,"template":"","meta":[],"product_cat":[60],"product_tag":[],"class_list":{"0":"post-3710","1":"product","2":"type-product","3":"status-publish","4":"has-post-thumbnail","6":"product_cat-emergency-inercoms-zd-series","8":"first","9":"instock","10":"shipping-taxable","11":"product-type-simple"},"yoast_head":"<!-- This site is optimized with the Yoast SEO plugin v22.8 - https:\/\/yoast.com\/wordpress\/plugins\/seo\/ -->\n<title>Video Help Point Model KNZD-20 - Yellow Telecoms<\/title>\n<meta name=\"robots\" content=\"index, follow, max-snippet:-1, max-image-preview:large, max-video-preview:-1\" \/>\n<link rel=\"canonical\" href=\"https:\/\/yellowtelecoms.com\/es_es\/producto\/video-help-point-model-knzd-20\/\" \/>\n<meta property=\"og:locale\" content=\"es_ES\" \/>\n<meta property=\"og:type\" content=\"article\" \/>\n<meta property=\"og:title\" content=\"Video Help Point Model KNZD-20 - Yellow Telecoms\" \/>\n<meta property=\"og:description\" content=\"Material: Stainless steel 304 body Size: 320x205x80mm Waterproof Rating: IP55  Application: Metro, LRT, airport, cleanroom, school, bank, elevator.  Features:   Hands-free one-push button to call  Auto-answer and auto-hang up  Support one-way video call, built-in 3w speaker  With a built-in HD camera, induction loop optional  Vandal &amp; tamper-resistant hardware, easy installation  Flush-mounted type installation, wall-mounted optional  Version: VoIP\" \/>\n<meta property=\"og:url\" content=\"https:\/\/yellowtelecoms.com\/es_es\/producto\/video-help-point-model-knzd-20\/\" \/>\n<meta property=\"og:site_name\" content=\"Yellow Telecoms\" \/>\n<meta property=\"article:modified_time\" content=\"2024-03-07T03:31:25+00:00\" \/>\n<meta property=\"og:image\" content=\"https:\/\/yellowtelecoms.com\/wp-content\/uploads\/2024\/03\/placeholder.png\" \/>\n\t<meta property=\"og:image:width\" content=\"400\" \/>\n\t<meta property=\"og:image:height\" content=\"400\" \/>\n\t<meta property=\"og:image:type\" content=\"image\/png\" \/>\n<meta name=\"twitter:card\" content=\"summary_large_image\" \/>\n<script type=\"application\/ld+json\" class=\"yoast-schema-graph\">{\"@context\":\"https:\/\/schema.org\",\"@graph\":[{\"@type\":\"WebPage\",\"@id\":\"https:\/\/yellowtelecoms.com\/product\/video-help-point-model-knzd-20\/\",\"url\":\"https:\/\/yellowtelecoms.com\/product\/video-help-point-model-knzd-20\/\",\"name\":\"Video Help Point Model KNZD-20 - Yellow Telecoms\",\"isPartOf\":{\"@id\":\"https:\/\/yellowtelecoms.com\/#website\"},\"primaryImageOfPage\":{\"@id\":\"https:\/\/yellowtelecoms.com\/product\/video-help-point-model-knzd-20\/#primaryimage\"},\"image\":{\"@id\":\"https:\/\/yellowtelecoms.com\/product\/video-help-point-model-knzd-20\/#primaryimage\"},\"thumbnailUrl\":\"https:\/\/yellowtelecoms.com\/wp-content\/uploads\/2024\/03\/placeholder.png\",\"datePublished\":\"2024-03-06T03:44:01+00:00\",\"dateModified\":\"2024-03-07T03:31:25+00:00\",\"breadcrumb\":{\"@id\":\"https:\/\/yellowtelecoms.com\/product\/video-help-point-model-knzd-20\/#breadcrumb\"},\"inLanguage\":\"es\",\"potentialAction\":[{\"@type\":\"ReadAction\",\"target\":[\"https:\/\/yellowtelecoms.com\/product\/video-help-point-model-knzd-20\/\"]}]},{\"@type\":\"ImageObject\",\"inLanguage\":\"es\",\"@id\":\"https:\/\/yellowtelecoms.com\/product\/video-help-point-model-knzd-20\/#primaryimage\",\"url\":\"https:\/\/yellowtelecoms.com\/wp-content\/uploads\/2024\/03\/placeholder.png\",\"contentUrl\":\"https:\/\/yellowtelecoms.com\/wp-content\/uploads\/2024\/03\/placeholder.png\",\"width\":400,\"height\":400},{\"@type\":\"BreadcrumbList\",\"@id\":\"https:\/\/yellowtelecoms.com\/product\/video-help-point-model-knzd-20\/#breadcrumb\",\"itemListElement\":[{\"@type\":\"ListItem\",\"position\":1,\"name\":\"Home\",\"item\":\"https:\/\/yellowtelecoms.com\/\"},{\"@type\":\"ListItem\",\"position\":2,\"name\":\"Products\",\"item\":\"https:\/\/yellowtelecoms.com\/shop__trashed\/\"},{\"@type\":\"ListItem\",\"position\":3,\"name\":\"Video Help Point Model KNZD-20\"}]},{\"@type\":\"WebSite\",\"@id\":\"https:\/\/yellowtelecoms.com\/#website\",\"url\":\"https:\/\/yellowtelecoms.com\/\",\"name\":\"Yellow Telecoms\",\"description\":\"\",\"publisher\":{\"@id\":\"https:\/\/yellowtelecoms.com\/#organization\"},\"potentialAction\":[{\"@type\":\"SearchAction\",\"target\":{\"@type\":\"EntryPoint\",\"urlTemplate\":\"https:\/\/yellowtelecoms.com\/?s={search_term_string}\"},\"query-input\":\"required name=search_term_string\"}],\"inLanguage\":\"es\"},{\"@type\":\"Organization\",\"@id\":\"https:\/\/yellowtelecoms.com\/#organization\",\"name\":\"Yellow Telecoms\",\"url\":\"https:\/\/yellowtelecoms.com\/\",\"logo\":{\"@type\":\"ImageObject\",\"inLanguage\":\"es\",\"@id\":\"https:\/\/yellowtelecoms.com\/#\/schema\/logo\/image\/\",\"url\":\"https:\/\/yellowtelecoms.com\/wp-content\/uploads\/2024\/03\/YTrailway.jpg\",\"contentUrl\":\"https:\/\/yellowtelecoms.com\/wp-content\/uploads\/2024\/03\/YTrailway.jpg\",\"width\":550,\"height\":435,\"caption\":\"Yellow Telecoms\"},\"image\":{\"@id\":\"https:\/\/yellowtelecoms.com\/#\/schema\/logo\/image\/\"}}]}<\/script>\n<!-- \/ Yoast SEO plugin. -->","yoast_head_json":{"title":"Punto de ayuda por v\u00eddeo modelo KNZD-20 - Yellow Telecoms","robots":{"index":"index","follow":"follow","max-snippet":"max-snippet:-1","max-image-preview":"max-image-preview:large","max-video-preview":"max-video-preview:-1"},"canonical":"https:\/\/yellowtelecoms.com\/es_es\/producto\/video-help-point-model-knzd-20\/","og_locale":"es_ES","og_type":"article","og_title":"Video Help Point Model KNZD-20 - Yellow Telecoms","og_description":"Material: Stainless steel 304 body Size: 320x205x80mm Waterproof Rating: IP55  Application: Metro, LRT, airport, cleanroom, school, bank, elevator.  Features:   Hands-free one-push button to call  Auto-answer and auto-hang up  Support one-way video call, built-in 3w speaker  With a built-in HD camera, induction loop optional  Vandal &amp; tamper-resistant hardware, easy installation  Flush-mounted type installation, wall-mounted optional  Version: VoIP","og_url":"https:\/\/yellowtelecoms.com\/es_es\/producto\/video-help-point-model-knzd-20\/","og_site_name":"Yellow Telecoms","article_modified_time":"2024-03-07T03:31:25+00:00","og_image":[{"width":400,"height":400,"url":"https:\/\/yellowtelecoms.com\/wp-content\/uploads\/2024\/03\/placeholder.png","type":"image\/png"}],"twitter_card":"summary_large_image","schema":{"@context":"https:\/\/schema.org","@graph":[{"@type":"WebPage","@id":"https:\/\/yellowtelecoms.com\/product\/video-help-point-model-knzd-20\/","url":"https:\/\/yellowtelecoms.com\/product\/video-help-point-model-knzd-20\/","name":"Punto de ayuda por v\u00eddeo modelo KNZD-20 - Yellow Telecoms","isPartOf":{"@id":"https:\/\/yellowtelecoms.com\/#website"},"primaryImageOfPage":{"@id":"https:\/\/yellowtelecoms.com\/product\/video-help-point-model-knzd-20\/#primaryimage"},"image":{"@id":"https:\/\/yellowtelecoms.com\/product\/video-help-point-model-knzd-20\/#primaryimage"},"thumbnailUrl":"https:\/\/yellowtelecoms.com\/wp-content\/uploads\/2024\/03\/placeholder.png","datePublished":"2024-03-06T03:44:01+00:00","dateModified":"2024-03-07T03:31:25+00:00","breadcrumb":{"@id":"https:\/\/yellowtelecoms.com\/product\/video-help-point-model-knzd-20\/#breadcrumb"},"inLanguage":"es","potentialAction":[{"@type":"ReadAction","target":["https:\/\/yellowtelecoms.com\/product\/video-help-point-model-knzd-20\/"]}]},{"@type":"ImageObject","inLanguage":"es","@id":"https:\/\/yellowtelecoms.com\/product\/video-help-point-model-knzd-20\/#primaryimage","url":"https:\/\/yellowtelecoms.com\/wp-content\/uploads\/2024\/03\/placeholder.png","contentUrl":"https:\/\/yellowtelecoms.com\/wp-content\/uploads\/2024\/03\/placeholder.png","width":400,"height":400},{"@type":"BreadcrumbList","@id":"https:\/\/yellowtelecoms.com\/product\/video-help-point-model-knzd-20\/#breadcrumb","itemListElement":[{"@type":"ListItem","position":1,"name":"Home","item":"https:\/\/yellowtelecoms.com\/"},{"@type":"ListItem","position":2,"name":"Products","item":"https:\/\/yellowtelecoms.com\/shop__trashed\/"},{"@type":"ListItem","position":3,"name":"Video Help Point Model KNZD-20"}]},{"@type":"WebSite","@id":"https:\/\/yellowtelecoms.com\/#website","url":"https:\/\/yellowtelecoms.com\/","name":"Telecomunicaciones amarillas","description":"","publisher":{"@id":"https:\/\/yellowtelecoms.com\/#organization"},"potentialAction":[{"@type":"SearchAction","target":{"@type":"EntryPoint","urlTemplate":"https:\/\/yellowtelecoms.com\/?s={search_term_string}"},"query-input":"required name=search_term_string"}],"inLanguage":"es"},{"@type":"Organization","@id":"https:\/\/yellowtelecoms.com\/#organization","name":"Telecomunicaciones amarillas","url":"https:\/\/yellowtelecoms.com\/","logo":{"@type":"ImageObject","inLanguage":"es","@id":"https:\/\/yellowtelecoms.com\/#\/schema\/logo\/image\/","url":"https:\/\/yellowtelecoms.com\/wp-content\/uploads\/2024\/03\/YTrailway.jpg","contentUrl":"https:\/\/yellowtelecoms.com\/wp-content\/uploads\/2024\/03\/YTrailway.jpg","width":550,"height":435,"caption":"Yellow Telecoms"},"image":{"@id":"https:\/\/yellowtelecoms.com\/#\/schema\/logo\/image\/"}}]}},"_links":{"self":[{"href":"https:\/\/yellowtelecoms.com\/es_es\/wp-json\/wp\/v2\/product\/3710","targetHints":{"allow":["GET"]}}],"collection":[{"href":"https:\/\/yellowtelecoms.com\/es_es\/wp-json\/wp\/v2\/product"}],"about":[{"href":"https:\/\/yellowtelecoms.com\/es_es\/wp-json\/wp\/v2\/types\/product"}],"wp:featuredmedia":[{"embeddable":true,"href":"https:\/\/yellowtelecoms.com\/es_es\/wp-json\/wp\/v2\/media\/3903"}],"wp:attachment":[{"href":"https:\/\/yellowtelecoms.com\/es_es\/wp-json\/wp\/v2\/media?parent=3710"}],"wp:term":[{"taxonomy":"product_cat","embeddable":true,"href":"https:\/\/yellowtelecoms.com\/es_es\/wp-json\/wp\/v2\/product_cat?post=3710"},{"taxonomy":"product_tag","embeddable":true,"href":"https:\/\/yellowtelecoms.com\/es_es\/wp-json\/wp\/v2\/product_tag?post=3710"}],"curies":[{"name":"wp","href":"https:\/\/api.w.org\/{rel}","templated":true}]}}