{"id":3658,"date":"2024-03-05T09:22:36","date_gmt":"2024-03-05T09:22:36","guid":{"rendered":"https:\/\/yellowtelecoms.com\/sitefiles\/?post_type=product&#038;p=3658"},"modified":"2024-03-06T07:52:35","modified_gmt":"2024-03-06T07:52:35","slug":"portable-trackside-telephone-model-knsp-26","status":"publish","type":"product","link":"https:\/\/yellowtelecoms.com\/es_es\/product\/portable-trackside-telephone-model-knsp-26\/","title":{"rendered":"Tel\u00e9fono port\u00e1til en v\u00eda modelo KNSP-26"},"content":{"rendered":"","protected":false},"excerpt":{"rendered":"<p>Material: material GRP mediante fundici\u00f3n a presi\u00f3n<br \/>\nTama\u00f1o: 274x255x163mm<br \/>\nClasificaci\u00f3n de impermeabilidad: IP65 ~ IP67<\/p>\n<p>Aplicaci\u00f3n: T\u00fanel, metro, ferrocarril, LRT, circuito de carreras, marino, offshore.<\/p>\n<p>Caracter\u00edsticas:<\/p>\n<ul>\n<li>Tel\u00e9fono de l\u00ednea directa con bot\u00f3n para encender y apagar la l\u00ednea.<\/li>\n<li>Tel\u00e9fono port\u00e1til sin teclado<\/li>\n<li>Cable de auricular rizado, cable blindado opcional<\/li>\n<li>Interruptor de gancho de l\u00e1minas magn\u00e9tico<\/li>\n<li>Auricular con cable industrial rizado fuerte o cable armado opcional<\/li>\n<li>Versi\u00f3n: Anal\u00f3gica y VoIP opcional<\/li>\n<\/ul>","protected":false},"featured_media":3693,"template":"","meta":[],"product_cat":[59],"product_tag":[],"class_list":{"0":"post-3658","1":"product","2":"type-product","3":"status-publish","4":"has-post-thumbnail","6":"product_cat-waterproof-telephones-sp-series-pcb","8":"first","9":"instock","10":"shipping-taxable","11":"product-type-simple"},"yoast_head":"<!-- This site is optimized with the Yoast SEO plugin v22.8 - https:\/\/yoast.com\/wordpress\/plugins\/seo\/ -->\n<title>Portable Trackside Telephone Model KNSP-26 - Yellow Telecoms<\/title>\n<meta name=\"robots\" content=\"index, follow, max-snippet:-1, max-image-preview:large, max-video-preview:-1\" \/>\n<link rel=\"canonical\" href=\"https:\/\/yellowtelecoms.com\/es_es\/producto\/portable-trackside-telephone-model-knsp-26\/\" \/>\n<meta property=\"og:locale\" content=\"es_ES\" \/>\n<meta property=\"og:type\" content=\"article\" \/>\n<meta property=\"og:title\" content=\"Portable Trackside Telephone Model KNSP-26 - Yellow Telecoms\" \/>\n<meta property=\"og:description\" content=\"Material: GRP material by die casting Size: 274x255x163mm Waterproof Rating: IP65~IP67  Application: Tunnel, metro, railway, LRT, speedway, marine, offshore.  Features:   Hot line phone with a button to switch on and switch off the line  Portable telephone without keypad  Curly handset cord, armored cable optional  Magnetic reed hook-switch  Handset with industrial strong curly cord or armored cable optional  Version: Analogue and VoIP optional\" \/>\n<meta property=\"og:url\" content=\"https:\/\/yellowtelecoms.com\/es_es\/producto\/portable-trackside-telephone-model-knsp-26\/\" \/>\n<meta property=\"og:site_name\" content=\"Yellow Telecoms\" \/>\n<meta property=\"article:modified_time\" content=\"2024-03-06T07:52:35+00:00\" \/>\n<meta property=\"og:image\" content=\"https:\/\/yellowtelecoms.com\/wp-content\/uploads\/2024\/03\/knsp26.jpg\" \/>\n\t<meta property=\"og:image:width\" content=\"600\" \/>\n\t<meta property=\"og:image:height\" content=\"600\" \/>\n\t<meta property=\"og:image:type\" content=\"image\/jpeg\" \/>\n<meta name=\"twitter:card\" content=\"summary_large_image\" \/>\n<script type=\"application\/ld+json\" class=\"yoast-schema-graph\">{\"@context\":\"https:\/\/schema.org\",\"@graph\":[{\"@type\":\"WebPage\",\"@id\":\"https:\/\/yellowtelecoms.com\/product\/portable-trackside-telephone-model-knsp-26\/\",\"url\":\"https:\/\/yellowtelecoms.com\/product\/portable-trackside-telephone-model-knsp-26\/\",\"name\":\"Portable Trackside Telephone Model KNSP-26 - Yellow Telecoms\",\"isPartOf\":{\"@id\":\"https:\/\/yellowtelecoms.com\/#website\"},\"primaryImageOfPage\":{\"@id\":\"https:\/\/yellowtelecoms.com\/product\/portable-trackside-telephone-model-knsp-26\/#primaryimage\"},\"image\":{\"@id\":\"https:\/\/yellowtelecoms.com\/product\/portable-trackside-telephone-model-knsp-26\/#primaryimage\"},\"thumbnailUrl\":\"https:\/\/yellowtelecoms.com\/wp-content\/uploads\/2024\/03\/knsp26.jpg\",\"datePublished\":\"2024-03-05T09:22:36+00:00\",\"dateModified\":\"2024-03-06T07:52:35+00:00\",\"breadcrumb\":{\"@id\":\"https:\/\/yellowtelecoms.com\/product\/portable-trackside-telephone-model-knsp-26\/#breadcrumb\"},\"inLanguage\":\"es\",\"potentialAction\":[{\"@type\":\"ReadAction\",\"target\":[\"https:\/\/yellowtelecoms.com\/product\/portable-trackside-telephone-model-knsp-26\/\"]}]},{\"@type\":\"ImageObject\",\"inLanguage\":\"es\",\"@id\":\"https:\/\/yellowtelecoms.com\/product\/portable-trackside-telephone-model-knsp-26\/#primaryimage\",\"url\":\"https:\/\/yellowtelecoms.com\/wp-content\/uploads\/2024\/03\/knsp26.jpg\",\"contentUrl\":\"https:\/\/yellowtelecoms.com\/wp-content\/uploads\/2024\/03\/knsp26.jpg\",\"width\":600,\"height\":600},{\"@type\":\"BreadcrumbList\",\"@id\":\"https:\/\/yellowtelecoms.com\/product\/portable-trackside-telephone-model-knsp-26\/#breadcrumb\",\"itemListElement\":[{\"@type\":\"ListItem\",\"position\":1,\"name\":\"Home\",\"item\":\"https:\/\/yellowtelecoms.com\/\"},{\"@type\":\"ListItem\",\"position\":2,\"name\":\"Products\",\"item\":\"https:\/\/yellowtelecoms.com\/shop__trashed\/\"},{\"@type\":\"ListItem\",\"position\":3,\"name\":\"Portable Trackside Telephone Model KNSP-26\"}]},{\"@type\":\"WebSite\",\"@id\":\"https:\/\/yellowtelecoms.com\/#website\",\"url\":\"https:\/\/yellowtelecoms.com\/\",\"name\":\"Yellow Telecoms\",\"description\":\"\",\"publisher\":{\"@id\":\"https:\/\/yellowtelecoms.com\/#organization\"},\"potentialAction\":[{\"@type\":\"SearchAction\",\"target\":{\"@type\":\"EntryPoint\",\"urlTemplate\":\"https:\/\/yellowtelecoms.com\/?s={search_term_string}\"},\"query-input\":\"required name=search_term_string\"}],\"inLanguage\":\"es\"},{\"@type\":\"Organization\",\"@id\":\"https:\/\/yellowtelecoms.com\/#organization\",\"name\":\"Yellow Telecoms\",\"url\":\"https:\/\/yellowtelecoms.com\/\",\"logo\":{\"@type\":\"ImageObject\",\"inLanguage\":\"es\",\"@id\":\"https:\/\/yellowtelecoms.com\/#\/schema\/logo\/image\/\",\"url\":\"https:\/\/yellowtelecoms.com\/wp-content\/uploads\/2024\/03\/YTrailway.jpg\",\"contentUrl\":\"https:\/\/yellowtelecoms.com\/wp-content\/uploads\/2024\/03\/YTrailway.jpg\",\"width\":550,\"height\":435,\"caption\":\"Yellow Telecoms\"},\"image\":{\"@id\":\"https:\/\/yellowtelecoms.com\/#\/schema\/logo\/image\/\"}}]}<\/script>\n<!-- \/ Yoast SEO plugin. -->","yoast_head_json":{"title":"Tel\u00e9fono port\u00e1til de v\u00eda modelo KNSP-26 - Yellow Telecoms","robots":{"index":"index","follow":"follow","max-snippet":"max-snippet:-1","max-image-preview":"max-image-preview:large","max-video-preview":"max-video-preview:-1"},"canonical":"https:\/\/yellowtelecoms.com\/es_es\/producto\/portable-trackside-telephone-model-knsp-26\/","og_locale":"es_ES","og_type":"article","og_title":"Portable Trackside Telephone Model KNSP-26 - Yellow Telecoms","og_description":"Material: GRP material by die casting Size: 274x255x163mm Waterproof Rating: IP65~IP67  Application: Tunnel, metro, railway, LRT, speedway, marine, offshore.  Features:   Hot line phone with a button to switch on and switch off the line  Portable telephone without keypad  Curly handset cord, armored cable optional  Magnetic reed hook-switch  Handset with industrial strong curly cord or armored cable optional  Version: Analogue and VoIP optional","og_url":"https:\/\/yellowtelecoms.com\/es_es\/producto\/portable-trackside-telephone-model-knsp-26\/","og_site_name":"Yellow Telecoms","article_modified_time":"2024-03-06T07:52:35+00:00","og_image":[{"width":600,"height":600,"url":"https:\/\/yellowtelecoms.com\/wp-content\/uploads\/2024\/03\/knsp26.jpg","type":"image\/jpeg"}],"twitter_card":"summary_large_image","schema":{"@context":"https:\/\/schema.org","@graph":[{"@type":"WebPage","@id":"https:\/\/yellowtelecoms.com\/product\/portable-trackside-telephone-model-knsp-26\/","url":"https:\/\/yellowtelecoms.com\/product\/portable-trackside-telephone-model-knsp-26\/","name":"Tel\u00e9fono port\u00e1til de v\u00eda modelo KNSP-26 - Yellow Telecoms","isPartOf":{"@id":"https:\/\/yellowtelecoms.com\/#website"},"primaryImageOfPage":{"@id":"https:\/\/yellowtelecoms.com\/product\/portable-trackside-telephone-model-knsp-26\/#primaryimage"},"image":{"@id":"https:\/\/yellowtelecoms.com\/product\/portable-trackside-telephone-model-knsp-26\/#primaryimage"},"thumbnailUrl":"https:\/\/yellowtelecoms.com\/wp-content\/uploads\/2024\/03\/knsp26.jpg","datePublished":"2024-03-05T09:22:36+00:00","dateModified":"2024-03-06T07:52:35+00:00","breadcrumb":{"@id":"https:\/\/yellowtelecoms.com\/product\/portable-trackside-telephone-model-knsp-26\/#breadcrumb"},"inLanguage":"es","potentialAction":[{"@type":"ReadAction","target":["https:\/\/yellowtelecoms.com\/product\/portable-trackside-telephone-model-knsp-26\/"]}]},{"@type":"ImageObject","inLanguage":"es","@id":"https:\/\/yellowtelecoms.com\/product\/portable-trackside-telephone-model-knsp-26\/#primaryimage","url":"https:\/\/yellowtelecoms.com\/wp-content\/uploads\/2024\/03\/knsp26.jpg","contentUrl":"https:\/\/yellowtelecoms.com\/wp-content\/uploads\/2024\/03\/knsp26.jpg","width":600,"height":600},{"@type":"BreadcrumbList","@id":"https:\/\/yellowtelecoms.com\/product\/portable-trackside-telephone-model-knsp-26\/#breadcrumb","itemListElement":[{"@type":"ListItem","position":1,"name":"Home","item":"https:\/\/yellowtelecoms.com\/"},{"@type":"ListItem","position":2,"name":"Products","item":"https:\/\/yellowtelecoms.com\/shop__trashed\/"},{"@type":"ListItem","position":3,"name":"Portable Trackside Telephone Model KNSP-26"}]},{"@type":"WebSite","@id":"https:\/\/yellowtelecoms.com\/#website","url":"https:\/\/yellowtelecoms.com\/","name":"Telecomunicaciones amarillas","description":"","publisher":{"@id":"https:\/\/yellowtelecoms.com\/#organization"},"potentialAction":[{"@type":"SearchAction","target":{"@type":"EntryPoint","urlTemplate":"https:\/\/yellowtelecoms.com\/?s={search_term_string}"},"query-input":"required name=search_term_string"}],"inLanguage":"es"},{"@type":"Organization","@id":"https:\/\/yellowtelecoms.com\/#organization","name":"Telecomunicaciones amarillas","url":"https:\/\/yellowtelecoms.com\/","logo":{"@type":"ImageObject","inLanguage":"es","@id":"https:\/\/yellowtelecoms.com\/#\/schema\/logo\/image\/","url":"https:\/\/yellowtelecoms.com\/wp-content\/uploads\/2024\/03\/YTrailway.jpg","contentUrl":"https:\/\/yellowtelecoms.com\/wp-content\/uploads\/2024\/03\/YTrailway.jpg","width":550,"height":435,"caption":"Yellow Telecoms"},"image":{"@id":"https:\/\/yellowtelecoms.com\/#\/schema\/logo\/image\/"}}]}},"_links":{"self":[{"href":"https:\/\/yellowtelecoms.com\/es_es\/wp-json\/wp\/v2\/product\/3658","targetHints":{"allow":["GET"]}}],"collection":[{"href":"https:\/\/yellowtelecoms.com\/es_es\/wp-json\/wp\/v2\/product"}],"about":[{"href":"https:\/\/yellowtelecoms.com\/es_es\/wp-json\/wp\/v2\/types\/product"}],"wp:featuredmedia":[{"embeddable":true,"href":"https:\/\/yellowtelecoms.com\/es_es\/wp-json\/wp\/v2\/media\/3693"}],"wp:attachment":[{"href":"https:\/\/yellowtelecoms.com\/es_es\/wp-json\/wp\/v2\/media?parent=3658"}],"wp:term":[{"taxonomy":"product_cat","embeddable":true,"href":"https:\/\/yellowtelecoms.com\/es_es\/wp-json\/wp\/v2\/product_cat?post=3658"},{"taxonomy":"product_tag","embeddable":true,"href":"https:\/\/yellowtelecoms.com\/es_es\/wp-json\/wp\/v2\/product_tag?post=3658"}],"curies":[{"name":"wp","href":"https:\/\/api.w.org\/{rel}","templated":true}]}}