{"id":4312,"date":"2024-03-28T04:12:51","date_gmt":"2024-03-28T04:12:51","guid":{"rendered":"https:\/\/yellowtelecoms.com\/sitefiles\/?page_id=4312"},"modified":"2024-03-28T04:12:51","modified_gmt":"2024-03-28T04:12:51","slug":"accessibility","status":"publish","type":"page","link":"https:\/\/yellowtelecoms.com\/es_es\/accessibility\/","title":{"rendered":"Accesibilidad"},"content":{"rendered":"<p>Yellow Telecoms para el avance digital se compromete a hacer accesible su sitio web, de acuerdo con el Real Decreto 1112\/2018, de 7 de septiembre, sobre accesibilidad de los sitios web y aplicaciones para dispositivos m\u00f3viles del sector p\u00fablico.<\/p>\n<p>Esta declaraci\u00f3n de accesibilidad se aplica al sitio web. <a href=\"https:\/\/yellowtelecoms.com\/es_es\/\">https:\/\/yellowtelecoms.com<\/a><\/p>\n<p><span style=\"color: #000000;\"><strong>SITUACI\u00d3N DE CUMPLIMIENTO<\/strong><\/span><\/p>\n<p>Este sitio web cumple parcialmente con el RD 1112\/2018 debido a las excepciones y faltas de conformidad de los aspectos indicados en el punto siguiente.<\/p>\n<p><strong><span style=\"color: #000000;\">CONTENIDO NO ACCESIBLE<\/span><\/strong><\/p>\n<p>El contenido recopilado a continuaci\u00f3n no es accesible debido a lo siguiente:<\/p>\n<p>Incumplimiento del RD 1112\/2018<br \/>\nPodr\u00eda haber errores de c\u00f3digo de edici\u00f3n espec\u00edficos en algunas p\u00e1ginas web. [4.1.1 Procesamiento]<\/p>\n<p>Es posible que algunos componentes de la interfaz de usuario no est\u00e9n etiquetados correctamente. [4.1.2 Nombre, funci\u00f3n, valor]<\/p>\n<p>Carga desproporcionada<br \/>\nNo se aplica.<\/p>\n<p><strong><span style=\"color: #000000;\">PREPARACI\u00d3N DE ESTA DECLARACI\u00d3N DE ACCESIBILIDAD<\/span><\/strong><\/p>\n<p>Esta declaraci\u00f3n fue preparada el 4 de febrero de 2023.<\/p>\n<p>El m\u00e9todo utilizado para elaborar la declaraci\u00f3n ha sido una autoevaluaci\u00f3n realizada por la propia organizaci\u00f3n.<\/p>\n<p>La Declaraci\u00f3n de Accesibilidad fue revisada y actualizada en febrero de 2023.<\/p>\n<p><span style=\"color: #000000;\"><strong>OBSERVACIONES E INFORMACI\u00d3N DE CONTACTO<\/strong><\/span><\/p>\n<p>Podr\u00e1 realizar comunicaciones sobre requisitos de accesibilidad (art\u00edculo 10.2.a del RD 1112\/2018) tales como:<\/p>\n<p>Informar de cualquier posible incumplimiento por parte de este sitio web<br \/>\nTransmitir otras dificultades de acceso a contenidos<br \/>\nConsultar cualquier otra duda o sugerencia de mejora respecto a la accesibilidad del sitio web.<br \/>\nA trav\u00e9s del formulario de contacto.<\/p>\n<p><span style=\"color: #000000;\"><strong>Puedes presentar:<\/strong><\/span><\/p>\n<p>Denuncia relativa al cumplimiento de los requisitos del RD 1112\/2018 o<br \/>\nSolicitud de informaci\u00f3n accesible relacionada con:<br \/>\nContenidos que quedan excluidos del \u00e1mbito de aplicaci\u00f3n del RD 1112\/2018 seg\u00fan lo establecido en el art\u00edculo 3, apartado 4.<\/p>\n<p>Contenido que est\u00e1 exento del cumplimiento de requisitos de accesibilidad porque impone una carga desproporcionada.<\/p>\n<p>En la Solicitud de informaci\u00f3n accesible se deben especificar claramente los hechos, motivos y solicitud que nos permitan verificar que se trata de una solicitud razonable y leg\u00edtima.<\/p>\n<p>Las quejas y reclamos sobre informaci\u00f3n accesible se realizar\u00e1n a trav\u00e9s del formulario de contacto y ser\u00e1n recibidas y tramitadas por el \u00e1rea t\u00e9cnica.<\/p>","protected":false},"excerpt":{"rendered":"<p>Yellow Telecoms para el avance digital se compromete a que su sitio web sea accesible, de conformidad con el Real Decreto 1112\/2018, de 7 de septiembre, sobre accesibilidad de los sitios web y aplicaciones para dispositivos m\u00f3viles del sector p\u00fablico. Esta declaraci\u00f3n de accesibilidad se aplica al sitio web https:\/\/yellowtelecoms.com. SITUACI\u00d3N DE CUMPLIMIENTO: Este sitio web cumple parcialmente con el RD 1112\/2018 debido a\u2026<\/p>","protected":false},"author":1,"featured_media":0,"parent":0,"menu_order":0,"comment_status":"closed","ping_status":"closed","template":"","meta":{"footnotes":""},"class_list":["post-4312","page","type-page","status-publish","hentry","page--item"],"yoast_head":"<!-- This site is optimized with the Yoast SEO plugin v22.8 - https:\/\/yoast.com\/wordpress\/plugins\/seo\/ -->\n<title>Accessibility - Yellow Telecoms<\/title>\n<meta name=\"robots\" content=\"index, follow, max-snippet:-1, max-image-preview:large, max-video-preview:-1\" \/>\n<link rel=\"canonical\" href=\"https:\/\/yellowtelecoms.com\/es_es\/accessibility\/\" \/>\n<meta property=\"og:locale\" content=\"es_ES\" \/>\n<meta property=\"og:type\" content=\"article\" \/>\n<meta property=\"og:title\" content=\"Accessibility - Yellow Telecoms\" \/>\n<meta property=\"og:description\" content=\"Yellow Telecoms for digital advancement is committed to making its website accessible, in accordance with Royal Decree 1112\/2018, of September 7, on the accessibility of websites and applications for mobile devices in the public sector. This accessibility statement applies to the website https:\/\/yellowtelecoms.com COMPLIANCE SITUATION This website is partially compliant with RD 1112\/2018 due to...\" \/>\n<meta property=\"og:url\" content=\"https:\/\/yellowtelecoms.com\/es_es\/accessibility\/\" \/>\n<meta property=\"og:site_name\" content=\"Yellow Telecoms\" \/>\n<meta name=\"twitter:card\" content=\"summary_large_image\" \/>\n<meta name=\"twitter:label1\" content=\"Tiempo de lectura\" \/>\n\t<meta name=\"twitter:data1\" content=\"2 minutos\" \/>\n<script type=\"application\/ld+json\" class=\"yoast-schema-graph\">{\"@context\":\"https:\/\/schema.org\",\"@graph\":[{\"@type\":\"WebPage\",\"@id\":\"https:\/\/yellowtelecoms.com\/accessibility\/\",\"url\":\"https:\/\/yellowtelecoms.com\/accessibility\/\",\"name\":\"Accessibility - Yellow Telecoms\",\"isPartOf\":{\"@id\":\"https:\/\/yellowtelecoms.com\/#website\"},\"datePublished\":\"2024-03-28T04:12:51+00:00\",\"dateModified\":\"2024-03-28T04:12:51+00:00\",\"breadcrumb\":{\"@id\":\"https:\/\/yellowtelecoms.com\/accessibility\/#breadcrumb\"},\"inLanguage\":\"es\",\"potentialAction\":[{\"@type\":\"ReadAction\",\"target\":[\"https:\/\/yellowtelecoms.com\/accessibility\/\"]}]},{\"@type\":\"BreadcrumbList\",\"@id\":\"https:\/\/yellowtelecoms.com\/accessibility\/#breadcrumb\",\"itemListElement\":[{\"@type\":\"ListItem\",\"position\":1,\"name\":\"Home\",\"item\":\"https:\/\/yellowtelecoms.com\/\"},{\"@type\":\"ListItem\",\"position\":2,\"name\":\"Accessibility\"}]},{\"@type\":\"WebSite\",\"@id\":\"https:\/\/yellowtelecoms.com\/#website\",\"url\":\"https:\/\/yellowtelecoms.com\/\",\"name\":\"Yellow Telecoms\",\"description\":\"\",\"publisher\":{\"@id\":\"https:\/\/yellowtelecoms.com\/#organization\"},\"potentialAction\":[{\"@type\":\"SearchAction\",\"target\":{\"@type\":\"EntryPoint\",\"urlTemplate\":\"https:\/\/yellowtelecoms.com\/?s={search_term_string}\"},\"query-input\":\"required name=search_term_string\"}],\"inLanguage\":\"es\"},{\"@type\":\"Organization\",\"@id\":\"https:\/\/yellowtelecoms.com\/#organization\",\"name\":\"Yellow Telecoms\",\"url\":\"https:\/\/yellowtelecoms.com\/\",\"logo\":{\"@type\":\"ImageObject\",\"inLanguage\":\"es\",\"@id\":\"https:\/\/yellowtelecoms.com\/#\/schema\/logo\/image\/\",\"url\":\"https:\/\/yellowtelecoms.com\/wp-content\/uploads\/2024\/03\/YTrailway.jpg\",\"contentUrl\":\"https:\/\/yellowtelecoms.com\/wp-content\/uploads\/2024\/03\/YTrailway.jpg\",\"width\":550,\"height\":435,\"caption\":\"Yellow Telecoms\"},\"image\":{\"@id\":\"https:\/\/yellowtelecoms.com\/#\/schema\/logo\/image\/\"}}]}<\/script>\n<!-- \/ Yoast SEO plugin. -->","yoast_head_json":{"title":"Accesibilidad - Yellow Telecoms","robots":{"index":"index","follow":"follow","max-snippet":"max-snippet:-1","max-image-preview":"max-image-preview:large","max-video-preview":"max-video-preview:-1"},"canonical":"https:\/\/yellowtelecoms.com\/es_es\/accessibility\/","og_locale":"es_ES","og_type":"article","og_title":"Accessibility - Yellow Telecoms","og_description":"Yellow Telecoms for digital advancement is committed to making its website accessible, in accordance with Royal Decree 1112\/2018, of September 7, on the accessibility of websites and applications for mobile devices in the public sector. This accessibility statement applies to the website https:\/\/yellowtelecoms.com COMPLIANCE SITUATION This website is partially compliant with RD 1112\/2018 due to...","og_url":"https:\/\/yellowtelecoms.com\/es_es\/accessibility\/","og_site_name":"Yellow Telecoms","twitter_card":"summary_large_image","twitter_misc":{"Tiempo de lectura":"2 minutos"},"schema":{"@context":"https:\/\/schema.org","@graph":[{"@type":"WebPage","@id":"https:\/\/yellowtelecoms.com\/accessibility\/","url":"https:\/\/yellowtelecoms.com\/accessibility\/","name":"Accesibilidad - Yellow Telecoms","isPartOf":{"@id":"https:\/\/yellowtelecoms.com\/#website"},"datePublished":"2024-03-28T04:12:51+00:00","dateModified":"2024-03-28T04:12:51+00:00","breadcrumb":{"@id":"https:\/\/yellowtelecoms.com\/accessibility\/#breadcrumb"},"inLanguage":"es","potentialAction":[{"@type":"ReadAction","target":["https:\/\/yellowtelecoms.com\/accessibility\/"]}]},{"@type":"BreadcrumbList","@id":"https:\/\/yellowtelecoms.com\/accessibility\/#breadcrumb","itemListElement":[{"@type":"ListItem","position":1,"name":"Home","item":"https:\/\/yellowtelecoms.com\/"},{"@type":"ListItem","position":2,"name":"Accessibility"}]},{"@type":"WebSite","@id":"https:\/\/yellowtelecoms.com\/#website","url":"https:\/\/yellowtelecoms.com\/","name":"Telecomunicaciones amarillas","description":"","publisher":{"@id":"https:\/\/yellowtelecoms.com\/#organization"},"potentialAction":[{"@type":"SearchAction","target":{"@type":"EntryPoint","urlTemplate":"https:\/\/yellowtelecoms.com\/?s={search_term_string}"},"query-input":"required name=search_term_string"}],"inLanguage":"es"},{"@type":"Organization","@id":"https:\/\/yellowtelecoms.com\/#organization","name":"Telecomunicaciones amarillas","url":"https:\/\/yellowtelecoms.com\/","logo":{"@type":"ImageObject","inLanguage":"es","@id":"https:\/\/yellowtelecoms.com\/#\/schema\/logo\/image\/","url":"https:\/\/yellowtelecoms.com\/wp-content\/uploads\/2024\/03\/YTrailway.jpg","contentUrl":"https:\/\/yellowtelecoms.com\/wp-content\/uploads\/2024\/03\/YTrailway.jpg","width":550,"height":435,"caption":"Yellow Telecoms"},"image":{"@id":"https:\/\/yellowtelecoms.com\/#\/schema\/logo\/image\/"}}]}},"_links":{"self":[{"href":"https:\/\/yellowtelecoms.com\/es_es\/wp-json\/wp\/v2\/pages\/4312","targetHints":{"allow":["GET"]}}],"collection":[{"href":"https:\/\/yellowtelecoms.com\/es_es\/wp-json\/wp\/v2\/pages"}],"about":[{"href":"https:\/\/yellowtelecoms.com\/es_es\/wp-json\/wp\/v2\/types\/page"}],"author":[{"embeddable":true,"href":"https:\/\/yellowtelecoms.com\/es_es\/wp-json\/wp\/v2\/users\/1"}],"replies":[{"embeddable":true,"href":"https:\/\/yellowtelecoms.com\/es_es\/wp-json\/wp\/v2\/comments?post=4312"}],"version-history":[{"count":1,"href":"https:\/\/yellowtelecoms.com\/es_es\/wp-json\/wp\/v2\/pages\/4312\/revisions"}],"predecessor-version":[{"id":4313,"href":"https:\/\/yellowtelecoms.com\/es_es\/wp-json\/wp\/v2\/pages\/4312\/revisions\/4313"}],"wp:attachment":[{"href":"https:\/\/yellowtelecoms.com\/es_es\/wp-json\/wp\/v2\/media?parent=4312"}],"curies":[{"name":"wp","href":"https:\/\/api.w.org\/{rel}","templated":true}]}}