{"id":4305,"date":"2024-03-28T04:04:10","date_gmt":"2024-03-28T04:04:10","guid":{"rendered":"https:\/\/yellowtelecoms.com\/sitefiles\/?page_id=4305"},"modified":"2024-03-28T04:09:56","modified_gmt":"2024-03-28T04:09:56","slug":"privacy-policy","status":"publish","type":"page","link":"https:\/\/yellowtelecoms.com\/es_es\/privacy-policy\/","title":{"rendered":"pol\u00edtica de privacidad"},"content":{"rendered":"<p><span style=\"color: #000000;\"><strong>Sobre nosotros<\/strong><\/span><\/p>\n<p>La direcci\u00f3n de nuestro sitio web es <a href=\"https:\/\/yellowtelecoms.com\/es_es\/\">https:\/\/yellowtelecoms.com<\/a><\/p>\n<p><span style=\"color: #000000;\"><strong>Comentarios<\/strong><\/span><\/p>\n<p>Cuando los visitantes dejan comentarios en el sitio, recopilamos los datos que se muestran en el formulario de comentarios, y tambi\u00e9n la direcci\u00f3n IP del visitante y la cadena de agente de usuario del navegador para ayudar a la detecci\u00f3n de spam.<\/p>\n<p>Es posible que se proporcione al servicio Gravatar una cadena an\u00f3nima creada a partir de su direcci\u00f3n de correo electr\u00f3nico (tambi\u00e9n llamada hash) para ver si la est\u00e1 utilizando. La pol\u00edtica de privacidad del servicio Gravatar est\u00e1 disponible aqu\u00ed: <a href=\"https:\/\/automattic.com\/privacy\/\" target=\"_blank\" rel=\"noopener\">https:\/\/automattic.com\/privacy\/<\/a>. Despu\u00e9s de la aprobaci\u00f3n de su comentario, su imagen de perfil ser\u00e1 visible para el p\u00fablico en el contexto de su comentario.<\/p>\n<p><span style=\"color: #000000;\"><strong>Medios de comunicaci\u00f3n<\/strong><\/span><\/p>\n<p>Si subes im\u00e1genes al sitio web, debes evitar subir im\u00e1genes con datos de ubicaci\u00f3n (GPS EXIF) incluidos. Los visitantes del sitio web pueden descargar y extraer cualquier dato de ubicaci\u00f3n de las im\u00e1genes del sitio web.<\/p>\n<p><span style=\"color: #000000;\"><strong>Cookies<\/strong><\/span><\/p>\n<p>Si deja un comentario en nuestro sitio, puede optar por guardar su nombre, correo electr\u00f3nico y direcci\u00f3n del sitio web en cookies. Esto es para tu comodidad para que no tengas que volver a completar tus datos cuando dejes otro comentario. Estas cookies tendr\u00e1n una duraci\u00f3n de un a\u00f1o.<\/p>\n<p>Si tiene una cuenta e inicia sesi\u00f3n en este sitio, configuraremos una cookie temporal para determinar si su navegador acepta cookies. Esta cookie no contiene datos personales y se elimina al cerrar el navegador.<\/p>\n<p>Cuando inicie sesi\u00f3n, tambi\u00e9n configuraremos varias cookies para guardar su informaci\u00f3n de inicio de sesi\u00f3n y sus opciones de visualizaci\u00f3n de pantalla. Las cookies de acceso tienen una duraci\u00f3n de dos d\u00edas y las cookies de opciones de pantalla tienen una duraci\u00f3n de un a\u00f1o. Si seleccionas \u201cRecordarme\u201d, tu acceso tendr\u00e1 una duraci\u00f3n de dos semanas. Si cierra sesi\u00f3n en su cuenta, las cookies de inicio de sesi\u00f3n se eliminar\u00e1n.<\/p>\n<p>Si edita o publica un art\u00edculo, se guardar\u00e1 una cookie adicional en su navegador. Esta cookie no incluye datos personales y simplemente indica el ID del art\u00edculo que acabas de editar. Caduca despu\u00e9s de 1 d\u00eda.<\/p>\n<p><span style=\"color: #000000;\"><strong>Contenido incrustado de otros sitios web<\/strong><\/span><\/p>\n<p>Los art\u00edculos de este sitio pueden incluir contenido incrustado (por ejemplo, v\u00eddeos, im\u00e1genes, art\u00edculos, etc.). El contenido incrustado de otros sitios web se comporta exactamente igual que si el visitante hubiera visitado el otro sitio web.<\/p>\n<p>Estos sitios web pueden recopilar datos sobre usted, utilizar cookies, incorporar seguimiento adicional de terceros y monitorear su interacci\u00f3n con ese contenido incrustado, incluido el seguimiento de su interacci\u00f3n con el contenido incrustado si tiene una cuenta y ha iniciado sesi\u00f3n en ese sitio web.<\/p>\n<p><span style=\"color: #000000;\"><strong>\u00bfCon qui\u00e9n compartimos tus datos?<\/strong><\/span><\/p>\n<p>Si solicita un restablecimiento de contrase\u00f1a, su direcci\u00f3n IP se incluir\u00e1 en el correo electr\u00f3nico de restablecimiento.<\/p>\n<p><span style=\"color: #000000;\"><strong>\u00bfCu\u00e1nto tiempo conservamos tus datos?<\/strong><\/span><\/p>\n<p>Si deja un comentario, el comentario y sus metadatos se conservan indefinidamente. Esto es para que podamos reconocer y aprobar comentarios posteriores autom\u00e1ticamente, en lugar de mantenerlos en una cola de moderaci\u00f3n.<\/p>\n<p>Para los usuarios que se registran en nuestro sitio web (si los hay), tambi\u00e9n almacenamos la informaci\u00f3n personal que proporcionan en su perfil de usuario. Todos los usuarios pueden ver, editar o eliminar su informaci\u00f3n personal en cualquier momento (excepto que no pueden cambiar su nombre de usuario). Los administradores web tambi\u00e9n pueden ver y editar esa informaci\u00f3n.<\/p>\n<p><span style=\"color: #000000;\"><strong>\u00bfQu\u00e9 derechos tienes sobre tus datos?<\/strong><\/span><\/p>\n<p>Si tiene una cuenta o ha dejado comentarios en este sitio web, puede solicitar recibir un archivo de exportaci\u00f3n de los datos personales que tenemos sobre usted, incluidos los datos que nos haya proporcionado. Tambi\u00e9n puede solicitar que eliminemos cualquier dato personal que tengamos sobre usted. Esto no incluye ning\u00fan dato que debamos conservar con fines administrativos, legales o de seguridad.<\/p>\n<p><span style=\"color: #000000;\"><strong>\u00bfA d\u00f3nde enviamos tus datos?<\/strong><\/span><\/p>\n<p>Los comentarios de los visitantes pueden ser revisados por un servicio de detecci\u00f3n autom\u00e1tica de spam.<\/p>","protected":false},"excerpt":{"rendered":"<p>Sobre nosotros La direcci\u00f3n de nuestro sitio web es https:\/\/yellowtelecoms.com. Comentarios. Cuando los visitantes dejan comentarios en el sitio, recopilamos los datos que se muestran en el formulario, as\u00ed como la direcci\u00f3n IP del visitante y la cadena de agente de usuario del navegador para ayudar a detectar spam. Es posible que se proporcione una cadena an\u00f3nima (tambi\u00e9n llamada hash) creada a partir de su direcci\u00f3n de correo electr\u00f3nico a\u2026<\/p>","protected":false},"author":1,"featured_media":0,"parent":0,"menu_order":0,"comment_status":"closed","ping_status":"closed","template":"","meta":{"footnotes":""},"class_list":["post-4305","page","type-page","status-publish","hentry","page--item"],"yoast_head":"<!-- This site is optimized with the Yoast SEO plugin v22.8 - https:\/\/yoast.com\/wordpress\/plugins\/seo\/ -->\n<title>Privacy Policy - Yellow Telecoms<\/title>\n<meta name=\"robots\" content=\"index, follow, max-snippet:-1, max-image-preview:large, max-video-preview:-1\" \/>\n<link rel=\"canonical\" href=\"https:\/\/yellowtelecoms.com\/es_es\/privacy-policy\/\" \/>\n<meta property=\"og:locale\" content=\"es_ES\" \/>\n<meta property=\"og:type\" content=\"article\" \/>\n<meta property=\"og:title\" content=\"Privacy Policy - Yellow Telecoms\" \/>\n<meta property=\"og:description\" content=\"About us Our website address is https:\/\/yellowtelecoms.com Comments When visitors leave comments on the site we collect the data shown in the comments form, and also the visitor&#8217;s IP address and browser user agent string to help spam detection. An anonymized string created from your email address (also called a hash) may be provided to...\" \/>\n<meta property=\"og:url\" content=\"https:\/\/yellowtelecoms.com\/es_es\/privacy-policy\/\" \/>\n<meta property=\"og:site_name\" content=\"Yellow Telecoms\" \/>\n<meta property=\"article:modified_time\" content=\"2024-03-28T04:09:56+00:00\" \/>\n<meta name=\"twitter:card\" content=\"summary_large_image\" \/>\n<meta name=\"twitter:label1\" content=\"Tiempo de lectura\" \/>\n\t<meta name=\"twitter:data1\" content=\"3 minutos\" \/>\n<script type=\"application\/ld+json\" class=\"yoast-schema-graph\">{\"@context\":\"https:\/\/schema.org\",\"@graph\":[{\"@type\":\"WebPage\",\"@id\":\"https:\/\/yellowtelecoms.com\/privacy-policy\/\",\"url\":\"https:\/\/yellowtelecoms.com\/privacy-policy\/\",\"name\":\"Privacy Policy - Yellow Telecoms\",\"isPartOf\":{\"@id\":\"https:\/\/yellowtelecoms.com\/#website\"},\"datePublished\":\"2024-03-28T04:04:10+00:00\",\"dateModified\":\"2024-03-28T04:09:56+00:00\",\"breadcrumb\":{\"@id\":\"https:\/\/yellowtelecoms.com\/privacy-policy\/#breadcrumb\"},\"inLanguage\":\"es\",\"potentialAction\":[{\"@type\":\"ReadAction\",\"target\":[\"https:\/\/yellowtelecoms.com\/privacy-policy\/\"]}]},{\"@type\":\"BreadcrumbList\",\"@id\":\"https:\/\/yellowtelecoms.com\/privacy-policy\/#breadcrumb\",\"itemListElement\":[{\"@type\":\"ListItem\",\"position\":1,\"name\":\"Home\",\"item\":\"https:\/\/yellowtelecoms.com\/\"},{\"@type\":\"ListItem\",\"position\":2,\"name\":\"Privacy Policy\"}]},{\"@type\":\"WebSite\",\"@id\":\"https:\/\/yellowtelecoms.com\/#website\",\"url\":\"https:\/\/yellowtelecoms.com\/\",\"name\":\"Yellow Telecoms\",\"description\":\"\",\"publisher\":{\"@id\":\"https:\/\/yellowtelecoms.com\/#organization\"},\"potentialAction\":[{\"@type\":\"SearchAction\",\"target\":{\"@type\":\"EntryPoint\",\"urlTemplate\":\"https:\/\/yellowtelecoms.com\/?s={search_term_string}\"},\"query-input\":\"required name=search_term_string\"}],\"inLanguage\":\"es\"},{\"@type\":\"Organization\",\"@id\":\"https:\/\/yellowtelecoms.com\/#organization\",\"name\":\"Yellow Telecoms\",\"url\":\"https:\/\/yellowtelecoms.com\/\",\"logo\":{\"@type\":\"ImageObject\",\"inLanguage\":\"es\",\"@id\":\"https:\/\/yellowtelecoms.com\/#\/schema\/logo\/image\/\",\"url\":\"https:\/\/yellowtelecoms.com\/wp-content\/uploads\/2024\/03\/YTrailway.jpg\",\"contentUrl\":\"https:\/\/yellowtelecoms.com\/wp-content\/uploads\/2024\/03\/YTrailway.jpg\",\"width\":550,\"height\":435,\"caption\":\"Yellow Telecoms\"},\"image\":{\"@id\":\"https:\/\/yellowtelecoms.com\/#\/schema\/logo\/image\/\"}}]}<\/script>\n<!-- \/ Yoast SEO plugin. -->","yoast_head_json":{"title":"Pol\u00edtica de privacidad - Yellow Telecoms","robots":{"index":"index","follow":"follow","max-snippet":"max-snippet:-1","max-image-preview":"max-image-preview:large","max-video-preview":"max-video-preview:-1"},"canonical":"https:\/\/yellowtelecoms.com\/es_es\/privacy-policy\/","og_locale":"es_ES","og_type":"article","og_title":"Privacy Policy - Yellow Telecoms","og_description":"About us Our website address is https:\/\/yellowtelecoms.com Comments When visitors leave comments on the site we collect the data shown in the comments form, and also the visitor&#8217;s IP address and browser user agent string to help spam detection. An anonymized string created from your email address (also called a hash) may be provided to...","og_url":"https:\/\/yellowtelecoms.com\/es_es\/privacy-policy\/","og_site_name":"Yellow Telecoms","article_modified_time":"2024-03-28T04:09:56+00:00","twitter_card":"summary_large_image","twitter_misc":{"Tiempo de lectura":"3 minutos"},"schema":{"@context":"https:\/\/schema.org","@graph":[{"@type":"WebPage","@id":"https:\/\/yellowtelecoms.com\/privacy-policy\/","url":"https:\/\/yellowtelecoms.com\/privacy-policy\/","name":"Pol\u00edtica de privacidad - Yellow Telecoms","isPartOf":{"@id":"https:\/\/yellowtelecoms.com\/#website"},"datePublished":"2024-03-28T04:04:10+00:00","dateModified":"2024-03-28T04:09:56+00:00","breadcrumb":{"@id":"https:\/\/yellowtelecoms.com\/privacy-policy\/#breadcrumb"},"inLanguage":"es","potentialAction":[{"@type":"ReadAction","target":["https:\/\/yellowtelecoms.com\/privacy-policy\/"]}]},{"@type":"BreadcrumbList","@id":"https:\/\/yellowtelecoms.com\/privacy-policy\/#breadcrumb","itemListElement":[{"@type":"ListItem","position":1,"name":"Home","item":"https:\/\/yellowtelecoms.com\/"},{"@type":"ListItem","position":2,"name":"Privacy Policy"}]},{"@type":"WebSite","@id":"https:\/\/yellowtelecoms.com\/#website","url":"https:\/\/yellowtelecoms.com\/","name":"Telecomunicaciones amarillas","description":"","publisher":{"@id":"https:\/\/yellowtelecoms.com\/#organization"},"potentialAction":[{"@type":"SearchAction","target":{"@type":"EntryPoint","urlTemplate":"https:\/\/yellowtelecoms.com\/?s={search_term_string}"},"query-input":"required name=search_term_string"}],"inLanguage":"es"},{"@type":"Organization","@id":"https:\/\/yellowtelecoms.com\/#organization","name":"Telecomunicaciones amarillas","url":"https:\/\/yellowtelecoms.com\/","logo":{"@type":"ImageObject","inLanguage":"es","@id":"https:\/\/yellowtelecoms.com\/#\/schema\/logo\/image\/","url":"https:\/\/yellowtelecoms.com\/wp-content\/uploads\/2024\/03\/YTrailway.jpg","contentUrl":"https:\/\/yellowtelecoms.com\/wp-content\/uploads\/2024\/03\/YTrailway.jpg","width":550,"height":435,"caption":"Yellow Telecoms"},"image":{"@id":"https:\/\/yellowtelecoms.com\/#\/schema\/logo\/image\/"}}]}},"_links":{"self":[{"href":"https:\/\/yellowtelecoms.com\/es_es\/wp-json\/wp\/v2\/pages\/4305","targetHints":{"allow":["GET"]}}],"collection":[{"href":"https:\/\/yellowtelecoms.com\/es_es\/wp-json\/wp\/v2\/pages"}],"about":[{"href":"https:\/\/yellowtelecoms.com\/es_es\/wp-json\/wp\/v2\/types\/page"}],"author":[{"embeddable":true,"href":"https:\/\/yellowtelecoms.com\/es_es\/wp-json\/wp\/v2\/users\/1"}],"replies":[{"embeddable":true,"href":"https:\/\/yellowtelecoms.com\/es_es\/wp-json\/wp\/v2\/comments?post=4305"}],"version-history":[{"count":6,"href":"https:\/\/yellowtelecoms.com\/es_es\/wp-json\/wp\/v2\/pages\/4305\/revisions"}],"predecessor-version":[{"id":4311,"href":"https:\/\/yellowtelecoms.com\/es_es\/wp-json\/wp\/v2\/pages\/4305\/revisions\/4311"}],"wp:attachment":[{"href":"https:\/\/yellowtelecoms.com\/es_es\/wp-json\/wp\/v2\/media?parent=4305"}],"curies":[{"name":"wp","href":"https:\/\/api.w.org\/{rel}","templated":true}]}}